{"id":227,"date":"2015-01-13T14:26:51","date_gmt":"2015-01-13T14:26:51","guid":{"rendered":"http:\/\/localhost:8888\/construction\/?page_id=227"},"modified":"2024-08-05T19:38:44","modified_gmt":"2024-08-05T19:38:44","slug":"contactez-votre-paysagiste-a-montauroux","status":"publish","type":"page","link":"https:\/\/parcetjardin.fr\/index.php\/contactez-votre-paysagiste-a-montauroux\/","title":{"rendered":"Contactez votre paysagiste \u00e0 Montauroux"},"content":{"rendered":"\t\t<div data-elementor-type=\"wp-page\" data-elementor-id=\"227\" class=\"elementor elementor-227\" data-elementor-post-type=\"page\">\n\t\t\t\t\t\t<section class=\"elementor-section elementor-top-section elementor-element elementor-element-92997e2 elementor-section-boxed elementor-section-height-default elementor-section-height-default\" data-id=\"92997e2\" data-element_type=\"section\" data-e-type=\"section\">\n\t\t\t\t\t\t<div class=\"elementor-container elementor-column-gap-extended\">\n\t\t\t\t\t<div class=\"elementor-column elementor-col-50 elementor-top-column elementor-element elementor-element-db6ab0e\" data-id=\"db6ab0e\" data-element_type=\"column\" data-e-type=\"column\">\n\t\t\t<div class=\"elementor-widget-wrap elementor-element-populated\">\n\t\t\t\t\t\t<div class=\"elementor-element elementor-element-c1240bf elementor-widget elementor-widget-qt-custom-heading\" data-id=\"c1240bf\" data-element_type=\"widget\" data-e-type=\"widget\" data-widget_type=\"qt-custom-heading.default\">\n\t\t\t\t<div class=\"elementor-widget-container\">\n\t\t\t\t\t            <div class=\"custom-heading\">\n                <h2 class=\"widget-title\">\n                    <span class=\"light\">Envoyez<\/span> nous un message                <\/h2>\n            <\/div>\n        \t\t\t\t<\/div>\n\t\t\t\t<\/div>\n\t\t\t\t<div class=\"elementor-element elementor-element-4cbfbed elementor-widget elementor-widget-text-editor\" data-id=\"4cbfbed\" data-element_type=\"widget\" data-e-type=\"widget\" data-widget_type=\"text-editor.default\">\n\t\t\t\t<div class=\"elementor-widget-container\">\n\t\t\t\t\t\t\t\t\t<p>N&rsquo;h\u00e9sitez pas \u00e0 poser des questions sur l&rsquo;am\u00e9nagement paysager ou le jardinage par t\u00e9l\u00e9phone ou \u00e0 nous contacter via notre formulaire de contact ci-dessous. Votre message sera envoy\u00e9 directement \u00e0 notre personnel\u00a0qui vous r\u00e9pondra d\u00e8s que possible.<\/p>\t\t\t\t\t\t\t\t<\/div>\n\t\t\t\t<\/div>\n\t\t\t\t<div class=\"elementor-element elementor-element-adcb7dd elementor-widget elementor-widget-qt-contact-form-7\" data-id=\"adcb7dd\" data-element_type=\"widget\" data-e-type=\"widget\" data-widget_type=\"qt-contact-form-7.default\">\n\t\t\t\t<div class=\"elementor-widget-container\">\n\t\t\t\t\t\n<div class=\"wpcf7 no-js\" id=\"wpcf7-f630-o1\" lang=\"en-US\" dir=\"ltr\" data-wpcf7-id=\"630\">\n<div class=\"screen-reader-response\"><p role=\"status\" aria-live=\"polite\" aria-atomic=\"true\"><\/p> <ul><\/ul><\/div>\n<form action=\"\/index.php\/wp-json\/wp\/v2\/pages\/227#wpcf7-f630-o1\" method=\"post\" class=\"wpcf7-form init\" aria-label=\"Contact form\" novalidate=\"novalidate\" data-status=\"init\">\n<fieldset class=\"hidden-fields-container\"><input type=\"hidden\" name=\"_wpcf7\" value=\"630\" \/><input type=\"hidden\" name=\"_wpcf7_version\" value=\"6.1.5\" \/><input type=\"hidden\" name=\"_wpcf7_locale\" value=\"en_US\" \/><input type=\"hidden\" name=\"_wpcf7_unit_tag\" value=\"wpcf7-f630-o1\" \/><input type=\"hidden\" name=\"_wpcf7_container_post\" value=\"0\" \/><input type=\"hidden\" name=\"_wpcf7_posted_data_hash\" value=\"\" \/><input type=\"hidden\" name=\"_wpcf7_recaptcha_response\" value=\"\" \/>\n<\/fieldset>\n<div class=\"row\">\n\t<div class=\"col-xs-12 col-md-6\">\n\t\t<p><span>Votre nom *<br \/>\n<span class=\"wpcf7-form-control-wrap\" data-name=\"your-name\"><input size=\"40\" maxlength=\"400\" class=\"wpcf7-form-control wpcf7-text wpcf7-validates-as-required\" aria-required=\"true\" aria-invalid=\"false\" placeholder=\"Pr\u00e9nom Nom\" value=\"\" type=\"text\" name=\"your-name\" \/><\/span><\/span>\n\t\t<\/p>\n\t<\/div>\n\t<div class=\"col-xs-12 col-md-6\">\n\t\t<p><span>Votre email *<br \/>\n<span class=\"wpcf7-form-control-wrap\" data-name=\"your-email\"><input size=\"40\" maxlength=\"400\" class=\"wpcf7-form-control wpcf7-email wpcf7-validates-as-required wpcf7-text wpcf7-validates-as-email\" aria-required=\"true\" aria-invalid=\"false\" placeholder=\"email\" value=\"\" type=\"email\" name=\"your-email\" \/><\/span><\/span>\n\t\t<\/p>\n\t<\/div>\n\t<div class=\"col-xs-12 col-md-6\">\n\t\t<p><span>Votre sujet<br \/>\n<span class=\"wpcf7-form-control-wrap\" data-name=\"your-subject\"><input size=\"40\" maxlength=\"400\" class=\"wpcf7-form-control wpcf7-text\" aria-invalid=\"false\" placeholder=\"Sujet\" value=\"\" type=\"text\" name=\"your-subject\" \/><\/span><\/span>\n\t\t<\/p>\n\t<\/div>\n\t<div class=\"col-xs-12 col-md-6\">\n\t\t<p><span>Votre num\u00e9ro de t\u00e9l\u00e9phone *<br \/>\n<span class=\"wpcf7-form-control-wrap\" data-name=\"phone-number\"><input size=\"40\" maxlength=\"400\" class=\"wpcf7-form-control wpcf7-tel wpcf7-text wpcf7-validates-as-tel\" aria-invalid=\"false\" placeholder=\"Num\u00e9ro de t\u00e9l\u00e9phone\" value=\"\" type=\"tel\" name=\"phone-number\" \/><\/span><\/span>\n\t\t<\/p>\n\t<\/div>\n\t<div class=\"col-xs-12\">\n\t\t<p><span>Votre Message *<br \/>\n<span class=\"wpcf7-form-control-wrap\" data-name=\"your-message\"><textarea cols=\"40\" rows=\"10\" maxlength=\"2000\" class=\"wpcf7-form-control wpcf7-textarea wpcf7-validates-as-required\" aria-required=\"true\" aria-invalid=\"false\" placeholder=\"En quoi peut on vous aider...\" name=\"your-message\"><\/textarea><\/span><\/span>\n\t\t<\/p>\n\t<\/div>\n\t<div class=\"col-xs-12\">\n\t\t<p><input class=\"wpcf7-form-control wpcf7-submit has-spinner btn btn-primary\" type=\"submit\" value=\"Envoyer Message\" \/><br \/>\n<span class=\"info-text\">Les champs marqu\u00e9s * sont obligatoires.<\/span>\n\t\t<\/p>\n\t<\/div>\n<\/div><div class=\"wpcf7-response-output\" aria-hidden=\"true\"><\/div>\n<\/form>\n<\/div>\n\t\t\t\t<\/div>\n\t\t\t\t<\/div>\n\t\t\t\t\t<\/div>\n\t\t<\/div>\n\t\t\t\t<div class=\"elementor-column elementor-col-50 elementor-top-column elementor-element elementor-element-3fc343d\" data-id=\"3fc343d\" data-element_type=\"column\" data-e-type=\"column\">\n\t\t\t<div class=\"elementor-widget-wrap elementor-element-populated\">\n\t\t\t\t\t\t<section class=\"elementor-section elementor-inner-section elementor-element elementor-element-71d1eed elementor-section-boxed elementor-section-height-default elementor-section-height-default\" data-id=\"71d1eed\" data-element_type=\"section\" data-e-type=\"section\">\n\t\t\t\t\t\t<div class=\"elementor-container elementor-column-gap-default\">\n\t\t\t\t\t<div class=\"elementor-column elementor-col-100 elementor-inner-column elementor-element elementor-element-b2ad79c\" data-id=\"b2ad79c\" data-element_type=\"column\" data-e-type=\"column\">\n\t\t\t<div class=\"elementor-widget-wrap elementor-element-populated\">\n\t\t\t\t\t\t<div class=\"elementor-element elementor-element-9b35e6b elementor-widget elementor-widget-qt-custom-heading\" data-id=\"9b35e6b\" data-element_type=\"widget\" data-e-type=\"widget\" data-widget_type=\"qt-custom-heading.default\">\n\t\t\t\t<div class=\"elementor-widget-container\">\n\t\t\t\t\t            <div class=\"custom-heading\">\n                <h2 class=\"widget-title\">\n                    <span class=\"light\">Votre<\/span> paysagiste \u00e0 Montauroux                <\/h2>\n            <\/div>\n        \t\t\t\t<\/div>\n\t\t\t\t<\/div>\n\t\t\t\t<div class=\"elementor-element elementor-element-0df93a4 elementor-widget elementor-widget-text-editor\" data-id=\"0df93a4\" data-element_type=\"widget\" data-e-type=\"widget\" data-widget_type=\"text-editor.default\">\n\t\t\t\t<div class=\"elementor-widget-container\">\n\t\t\t\t\t\t\t\t\t<p><strong>Parcs et Jardins<\/strong><\/p><p><a href=\"https:\/\/goo.gl\/maps\/n6y3fqtUf1SupbLB9\"><span style=\"color: #084e24;\">695 chemin de Fonduranne<\/span><\/a><\/p><p><span style=\"color: #084e24;\">83440 MONTAUROUX<\/span><\/p><p>Telephone: <span style=\"color: #084e24;\"><a style=\"color: #084e24;\" href=\"tel:0685081593\">06 85 08 15 93<\/a><\/span><\/p><p>E-mail:\u00a0<span style=\"color: #084e24;\"><a style=\"color: #084e24;\" href=\"mailto:contact@parcetjardin.fr\">contact@parcetjardin.fr<\/a><\/span><\/p>\t\t\t\t\t\t\t\t<\/div>\n\t\t\t\t<\/div>\n\t\t\t\t\t<\/div>\n\t\t<\/div>\n\t\t\t\t\t<\/div>\n\t\t<\/section>\n\t\t\t\t<section class=\"elementor-section elementor-inner-section elementor-element elementor-element-2359db3 elementor-section-boxed elementor-section-height-default elementor-section-height-default\" data-id=\"2359db3\" data-element_type=\"section\" data-e-type=\"section\">\n\t\t\t\t\t\t<div class=\"elementor-container elementor-column-gap-default\">\n\t\t\t\t\t<div class=\"elementor-column elementor-col-100 elementor-inner-column elementor-element elementor-element-f9154af\" data-id=\"f9154af\" data-element_type=\"column\" data-e-type=\"column\">\n\t\t\t<div class=\"elementor-widget-wrap elementor-element-populated\">\n\t\t\t\t\t\t<div class=\"elementor-element elementor-element-80902ab elementor-widget elementor-widget-qt-custom-heading\" data-id=\"80902ab\" data-element_type=\"widget\" data-e-type=\"widget\" data-widget_type=\"qt-custom-heading.default\">\n\t\t\t\t<div class=\"elementor-widget-container\">\n\t\t\t\t\t            <div class=\"custom-heading\">\n                <h2 class=\"widget-title\">\n                    <span class=\"light\">Horaires<\/span>                <\/h2>\n            <\/div>\n        \t\t\t\t<\/div>\n\t\t\t\t<\/div>\n\t\t\t\t<div class=\"elementor-element elementor-element-d3307b8 elementor-widget elementor-widget-qt-opening-hours\" data-id=\"d3307b8\" data-element_type=\"widget\" data-e-type=\"widget\" data-widget_type=\"qt-opening-hours.default\">\n\t\t\t\t<div class=\"elementor-widget-container\">\n\t\t\t\t\t<div class=\"opening-times\"><ul><li class=\"weekday\">Lundi<span class=\"right\">08:00 - 18:00<\/span><\/li><li class=\"weekday today\">Mardi<span class=\"right\">08:00 - 18:00<\/span><\/li><li class=\"weekday\">Mercredi<span class=\"right\">08:00 - 18:00<\/span><\/li><li class=\"weekday\">Jeudi<span class=\"right\">08:00 - 18:00<\/span><\/li><li class=\"weekday\">Vendredi<span class=\"right\">08:00 - 18:00<\/span><\/li><li class=\"weekday\">Samedi<span class=\"right\">ferm\u00e9 - <\/span><\/li><li class=\"weekday\">Dimanche<span class=\"right label\">CLOSED<\/span><\/li><\/ul><\/div>\t\t\t\t<\/div>\n\t\t\t\t<\/div>\n\t\t\t\t\t<\/div>\n\t\t<\/div>\n\t\t\t\t\t<\/div>\n\t\t<\/section>\n\t\t\t\t\t<\/div>\n\t\t<\/div>\n\t\t\t\t\t<\/div>\n\t\t<\/section>\n\t\t\t\t<section class=\"elementor-section elementor-top-section elementor-element elementor-element-0284192 elementor-section-full_width elementor-section-stretched elementor-section-height-default elementor-section-height-default\" data-id=\"0284192\" data-element_type=\"section\" data-e-type=\"section\" data-settings=\"{&quot;stretch_section&quot;:&quot;section-stretched&quot;}\">\n\t\t\t\t\t\t<div class=\"elementor-container elementor-column-gap-no\">\n\t\t\t\t\t<div class=\"elementor-column elementor-col-100 elementor-top-column elementor-element elementor-element-098be89\" data-id=\"098be89\" data-element_type=\"column\" data-e-type=\"column\">\n\t\t\t<div class=\"elementor-widget-wrap elementor-element-populated\">\n\t\t\t\t\t\t<div class=\"elementor-element elementor-element-a655053 elementor-widget elementor-widget-google_maps\" data-id=\"a655053\" data-element_type=\"widget\" data-e-type=\"widget\" data-widget_type=\"google_maps.default\">\n\t\t\t\t<div class=\"elementor-widget-container\">\n\t\t\t\t\t\t\t<div class=\"elementor-custom-embed\">\n\t\t\t<iframe loading=\"lazy\"\n\t\t\t\t\tsrc=\"https:\/\/www.google.com\/maps\/embed\/v1\/place?key=AIzaSyDvTkJ9-xn_qrFrljydNwA0rHty1yF7e2o&#038;q=Parcs%20et%20jardins%20montauroux&#038;zoom=10\"\n\t\t\t\t\ttitle=\"Parcs et jardins montauroux\"\n\t\t\t\t\taria-label=\"Parcs et jardins montauroux\"\n\t\t\t><\/iframe>\n\t\t<\/div>\n\t\t\t\t\t\t<\/div>\n\t\t\t\t<\/div>\n\t\t\t\t\t<\/div>\n\t\t<\/div>\n\t\t\t\t\t<\/div>\n\t\t<\/section>\n\t\t\t\t<\/div>\n\t\t","protected":false},"excerpt":{"rendered":"<p>Curabitur sodales ligula in libero. Sed dignissim lacinia nunc. Curabitur tortor. Pellentesque nibh. Aenean quam. In scelerisque sem at dolor. Maecenas mattis. Sed convallis tristique sem. Proin ut ligula vel nunc egestas porttitor. Morbi lectus risus, iaculis vel, suscipit quis, luctus non, massa.<\/p>\n","protected":false},"author":1,"featured_media":0,"parent":0,"menu_order":0,"comment_status":"closed","ping_status":"closed","template":"","meta":{"_acf_changed":false,"footnotes":""},"class_list":["post-227","page","type-page","status-publish","hentry"],"acf":[],"yoast_head":"<!-- This site is optimized with the Yoast SEO Premium plugin v23.1 (Yoast SEO v27.4) - https:\/\/yoast.com\/product\/yoast-seo-premium-wordpress\/ -->\n<title>Contactez votre paysagiste \u00e0 Montauroux | Parc et Jardin<\/title>\n<meta name=\"description\" content=\"Contactez-nous pour tous vos projets paysagers \u00e0 Montauroux et ses environs. Expertise en am\u00e9nagement et entretien de jardins. Devis gratuit.\" \/>\n<meta name=\"robots\" content=\"index, follow, max-snippet:-1, max-image-preview:large, max-video-preview:-1\" \/>\n<link rel=\"canonical\" href=\"https:\/\/parcetjardin.fr\/index.php\/contactez-votre-paysagiste-a-montauroux\/\" \/>\n<meta property=\"og:locale\" content=\"fr_FR\" \/>\n<meta property=\"og:type\" content=\"article\" \/>\n<meta property=\"og:title\" content=\"Contactez votre paysagiste \u00e0 Montauroux\" \/>\n<meta property=\"og:description\" content=\"Contactez-nous pour tous vos projets paysagers \u00e0 Montauroux et ses environs. Expertise en am\u00e9nagement et entretien de jardins. Devis gratuit.\" \/>\n<meta property=\"og:url\" content=\"https:\/\/parcetjardin.fr\/index.php\/contactez-votre-paysagiste-a-montauroux\/\" \/>\n<meta property=\"og:site_name\" content=\"Parcs et jardins\" \/>\n<meta property=\"article:modified_time\" content=\"2024-08-05T19:38:44+00:00\" \/>\n<meta property=\"og:image\" content=\"https:\/\/parcetjardin.fr\/wp-content\/uploads\/2023\/07\/Fichier-1@600x-scaled.webp\" \/>\n\t<meta property=\"og:image:width\" content=\"2560\" \/>\n\t<meta property=\"og:image:height\" content=\"726\" \/>\n\t<meta property=\"og:image:type\" content=\"image\/webp\" \/>\n<meta name=\"twitter:card\" content=\"summary_large_image\" \/>\n<meta name=\"twitter:label1\" content=\"Dur\u00e9e de lecture estim\u00e9e\" \/>\n\t<meta name=\"twitter:data1\" content=\"1 minute\" \/>\n<script type=\"application\/ld+json\" class=\"yoast-schema-graph\">{\"@context\":\"https:\\\/\\\/schema.org\",\"@graph\":[{\"@type\":\"WebPage\",\"@id\":\"https:\\\/\\\/parcetjardin.fr\\\/index.php\\\/contactez-votre-paysagiste-a-montauroux\\\/\",\"url\":\"https:\\\/\\\/parcetjardin.fr\\\/index.php\\\/contactez-votre-paysagiste-a-montauroux\\\/\",\"name\":\"Contactez votre paysagiste \u00e0 Montauroux | Parc et Jardin\",\"isPartOf\":{\"@id\":\"https:\\\/\\\/parcetjardin.fr\\\/#website\"},\"datePublished\":\"2015-01-13T14:26:51+00:00\",\"dateModified\":\"2024-08-05T19:38:44+00:00\",\"description\":\"Contactez-nous pour tous vos projets paysagers \u00e0 Montauroux et ses environs. Expertise en am\u00e9nagement et entretien de jardins. Devis gratuit.\",\"breadcrumb\":{\"@id\":\"https:\\\/\\\/parcetjardin.fr\\\/index.php\\\/contactez-votre-paysagiste-a-montauroux\\\/#breadcrumb\"},\"inLanguage\":\"fr-FR\",\"potentialAction\":[{\"@type\":\"ReadAction\",\"target\":[\"https:\\\/\\\/parcetjardin.fr\\\/index.php\\\/contactez-votre-paysagiste-a-montauroux\\\/\"]}]},{\"@type\":\"BreadcrumbList\",\"@id\":\"https:\\\/\\\/parcetjardin.fr\\\/index.php\\\/contactez-votre-paysagiste-a-montauroux\\\/#breadcrumb\",\"itemListElement\":[{\"@type\":\"ListItem\",\"position\":1,\"name\":\"Accueil\",\"item\":\"https:\\\/\\\/parcetjardin.fr\\\/\"},{\"@type\":\"ListItem\",\"position\":2,\"name\":\"Contactez votre paysagiste \u00e0 Montauroux\"}]},{\"@type\":\"WebSite\",\"@id\":\"https:\\\/\\\/parcetjardin.fr\\\/#website\",\"url\":\"https:\\\/\\\/parcetjardin.fr\\\/\",\"name\":\"Parcs et jardins\",\"description\":\"Paysagiste \u00e0 Montauroux depuis 2005\",\"publisher\":{\"@id\":\"https:\\\/\\\/parcetjardin.fr\\\/#organization\"},\"potentialAction\":[{\"@type\":\"SearchAction\",\"target\":{\"@type\":\"EntryPoint\",\"urlTemplate\":\"https:\\\/\\\/parcetjardin.fr\\\/?s={search_term_string}\"},\"query-input\":{\"@type\":\"PropertyValueSpecification\",\"valueRequired\":true,\"valueName\":\"search_term_string\"}}],\"inLanguage\":\"fr-FR\"},{\"@type\":\"Organization\",\"@id\":\"https:\\\/\\\/parcetjardin.fr\\\/#organization\",\"name\":\"Parcs et jardins\",\"url\":\"https:\\\/\\\/parcetjardin.fr\\\/\",\"logo\":{\"@type\":\"ImageObject\",\"inLanguage\":\"fr-FR\",\"@id\":\"https:\\\/\\\/parcetjardin.fr\\\/#\\\/schema\\\/logo\\\/image\\\/\",\"url\":\"https:\\\/\\\/parcetjardin.fr\\\/wp-content\\\/uploads\\\/2023\\\/07\\\/Fichier-1@600x-scaled.webp\",\"contentUrl\":\"https:\\\/\\\/parcetjardin.fr\\\/wp-content\\\/uploads\\\/2023\\\/07\\\/Fichier-1@600x-scaled.webp\",\"width\":2560,\"height\":726,\"caption\":\"Parcs et jardins\"},\"image\":{\"@id\":\"https:\\\/\\\/parcetjardin.fr\\\/#\\\/schema\\\/logo\\\/image\\\/\"}}]}<\/script>\n<!-- \/ Yoast SEO Premium plugin. -->","yoast_head_json":{"title":"Contactez votre paysagiste \u00e0 Montauroux | Parc et Jardin","description":"Contactez-nous pour tous vos projets paysagers \u00e0 Montauroux et ses environs. Expertise en am\u00e9nagement et entretien de jardins. Devis gratuit.","robots":{"index":"index","follow":"follow","max-snippet":"max-snippet:-1","max-image-preview":"max-image-preview:large","max-video-preview":"max-video-preview:-1"},"canonical":"https:\/\/parcetjardin.fr\/index.php\/contactez-votre-paysagiste-a-montauroux\/","og_locale":"fr_FR","og_type":"article","og_title":"Contactez votre paysagiste \u00e0 Montauroux","og_description":"Contactez-nous pour tous vos projets paysagers \u00e0 Montauroux et ses environs. Expertise en am\u00e9nagement et entretien de jardins. Devis gratuit.","og_url":"https:\/\/parcetjardin.fr\/index.php\/contactez-votre-paysagiste-a-montauroux\/","og_site_name":"Parcs et jardins","article_modified_time":"2024-08-05T19:38:44+00:00","og_image":[{"width":2560,"height":726,"url":"https:\/\/parcetjardin.fr\/wp-content\/uploads\/2023\/07\/Fichier-1@600x-scaled.webp","type":"image\/webp"}],"twitter_card":"summary_large_image","twitter_misc":{"Dur\u00e9e de lecture estim\u00e9e":"1 minute"},"schema":{"@context":"https:\/\/schema.org","@graph":[{"@type":"WebPage","@id":"https:\/\/parcetjardin.fr\/index.php\/contactez-votre-paysagiste-a-montauroux\/","url":"https:\/\/parcetjardin.fr\/index.php\/contactez-votre-paysagiste-a-montauroux\/","name":"Contactez votre paysagiste \u00e0 Montauroux | Parc et Jardin","isPartOf":{"@id":"https:\/\/parcetjardin.fr\/#website"},"datePublished":"2015-01-13T14:26:51+00:00","dateModified":"2024-08-05T19:38:44+00:00","description":"Contactez-nous pour tous vos projets paysagers \u00e0 Montauroux et ses environs. Expertise en am\u00e9nagement et entretien de jardins. Devis gratuit.","breadcrumb":{"@id":"https:\/\/parcetjardin.fr\/index.php\/contactez-votre-paysagiste-a-montauroux\/#breadcrumb"},"inLanguage":"fr-FR","potentialAction":[{"@type":"ReadAction","target":["https:\/\/parcetjardin.fr\/index.php\/contactez-votre-paysagiste-a-montauroux\/"]}]},{"@type":"BreadcrumbList","@id":"https:\/\/parcetjardin.fr\/index.php\/contactez-votre-paysagiste-a-montauroux\/#breadcrumb","itemListElement":[{"@type":"ListItem","position":1,"name":"Accueil","item":"https:\/\/parcetjardin.fr\/"},{"@type":"ListItem","position":2,"name":"Contactez votre paysagiste \u00e0 Montauroux"}]},{"@type":"WebSite","@id":"https:\/\/parcetjardin.fr\/#website","url":"https:\/\/parcetjardin.fr\/","name":"Parcs et jardins","description":"Paysagiste \u00e0 Montauroux depuis 2005","publisher":{"@id":"https:\/\/parcetjardin.fr\/#organization"},"potentialAction":[{"@type":"SearchAction","target":{"@type":"EntryPoint","urlTemplate":"https:\/\/parcetjardin.fr\/?s={search_term_string}"},"query-input":{"@type":"PropertyValueSpecification","valueRequired":true,"valueName":"search_term_string"}}],"inLanguage":"fr-FR"},{"@type":"Organization","@id":"https:\/\/parcetjardin.fr\/#organization","name":"Parcs et jardins","url":"https:\/\/parcetjardin.fr\/","logo":{"@type":"ImageObject","inLanguage":"fr-FR","@id":"https:\/\/parcetjardin.fr\/#\/schema\/logo\/image\/","url":"https:\/\/parcetjardin.fr\/wp-content\/uploads\/2023\/07\/Fichier-1@600x-scaled.webp","contentUrl":"https:\/\/parcetjardin.fr\/wp-content\/uploads\/2023\/07\/Fichier-1@600x-scaled.webp","width":2560,"height":726,"caption":"Parcs et jardins"},"image":{"@id":"https:\/\/parcetjardin.fr\/#\/schema\/logo\/image\/"}}]}},"_links":{"self":[{"href":"https:\/\/parcetjardin.fr\/index.php\/wp-json\/wp\/v2\/pages\/227","targetHints":{"allow":["GET"]}}],"collection":[{"href":"https:\/\/parcetjardin.fr\/index.php\/wp-json\/wp\/v2\/pages"}],"about":[{"href":"https:\/\/parcetjardin.fr\/index.php\/wp-json\/wp\/v2\/types\/page"}],"author":[{"embeddable":true,"href":"https:\/\/parcetjardin.fr\/index.php\/wp-json\/wp\/v2\/users\/1"}],"replies":[{"embeddable":true,"href":"https:\/\/parcetjardin.fr\/index.php\/wp-json\/wp\/v2\/comments?post=227"}],"version-history":[{"count":0,"href":"https:\/\/parcetjardin.fr\/index.php\/wp-json\/wp\/v2\/pages\/227\/revisions"}],"wp:attachment":[{"href":"https:\/\/parcetjardin.fr\/index.php\/wp-json\/wp\/v2\/media?parent=227"}],"curies":[{"name":"wp","href":"https:\/\/api.w.org\/{rel}","templated":true}]}}