{"id":3572,"date":"2015-09-10T20:28:35","date_gmt":"2015-09-10T20:28:35","guid":{"rendered":"https:\/\/export-demos.qreativethemes.com\/elementor-thelandscaper\/services\/\/?page_id=3572"},"modified":"2024-08-06T07:25:44","modified_gmt":"2024-08-06T07:25:44","slug":"nos-realisations-paysageres","status":"publish","type":"page","link":"https:\/\/parcetjardin.fr\/index.php\/nos-realisations-paysageres\/","title":{"rendered":"Nos r\u00e9alisations paysag\u00e8res"},"content":{"rendered":"\t\t<div data-elementor-type=\"wp-page\" data-elementor-id=\"3572\" class=\"elementor elementor-3572\" data-elementor-post-type=\"page\">\n\t\t\t\t\t\t<section class=\"elementor-section elementor-top-section elementor-element elementor-element-1a07590c elementor-section-stretched elementor-section-boxed elementor-section-height-default elementor-section-height-default\" data-id=\"1a07590c\" data-element_type=\"section\" data-e-type=\"section\" data-settings=\"{&quot;stretch_section&quot;:&quot;section-stretched&quot;}\">\n\t\t\t\t\t\t<div class=\"elementor-container elementor-column-gap-no\">\n\t\t\t\t\t<div class=\"elementor-column elementor-col-100 elementor-top-column elementor-element elementor-element-2c6804fb\" data-id=\"2c6804fb\" data-element_type=\"column\" data-e-type=\"column\">\n\t\t\t<div class=\"elementor-widget-wrap elementor-element-populated\">\n\t\t\t\t\t\t<div class=\"elementor-element elementor-element-3dde316 elementor-widget elementor-widget-qt-projects\" data-id=\"3dde316\" data-element_type=\"widget\" data-e-type=\"widget\" data-widget_type=\"qt-projects.default\">\n\t\t\t\t<div class=\"elementor-widget-container\">\n\t\t\t\t\t\n        <div class=\"filterable-gallery\">\n            \n            \n                <div class=\"filterable-gallery__filter\">\n                    <ul>\n                                                    <li class=\"active\" data-filter=\"*\">Tout<\/li>\n                        \n                                                            <li data-filter=\".amenagement-paysager\">Am\u00e9nagement paysager<\/li>\n                                                                        <li data-filter=\".cloture\">Cl\u00f4ture<\/li>\n                                                                        <li data-filter=\".elagage-debroussaillage\">Elagage-D\u00e9broussaillage<\/li>\n                                                                        <li data-filter=\".entretien\">Entretien<\/li>\n                                                                        <li data-filter=\".irrigation-drainage\">Irrigation-Drainage<\/li>\n                                                                        <li data-filter=\".jardin\">Jardin<\/li>\n                                                                        <li data-filter=\".massif-plantations-arbustes-copeaux\">Massif, plantations, arbustes, copeaux<\/li>\n                                                                        <li data-filter=\".pergola\">Pergola<\/li>\n                                                        <\/ul>\n                <\/div>\n\n            \n            \n                <div class=\"filterable-gallery__items gallery-layout-even captions-below\">\n\n                \n                    <div class=\"grid-item amenagement-paysager\">\n                        <figure class=\"grid-wrap\">\n                            <a href=\"https:\/\/parcetjardin.fr\/index.php\/realisations\/installation-de-terrasse-bois-et-composite\/\">\n                                \n                                <div class=\"grid-image\">\n\n                                    <img fetchpriority=\"high\" decoding=\"async\" width=\"720\" height=\"400\" src=\"https:\/\/parcetjardin.fr\/wp-content\/smush-webp\/2024\/08\/image00029-720x400.jpeg.webp\" class=\"attachment-thelandscaper-project-images-m size-thelandscaper-project-images-m\" alt=\"\" srcset=\"https:\/\/parcetjardin.fr\/wp-content\/smush-webp\/2024\/08\/image00029-720x400.jpeg.webp 720w, https:\/\/parcetjardin.fr\/wp-content\/smush-webp\/2024\/08\/image00029-1170x650.jpeg.webp 1170w\" sizes=\"(max-width: 720px) 100vw, 720px\" \/>\n                                    <div class=\"grid-center\">\n                                                                                                                            <span class=\"grid-post-button\">Voir galerie<\/span>\n                                                                            <\/div>\n                                <\/div>\n\n                                                                    <span class=\"caption\">Installation de terrasse bois et composite<\/span>\n                                                            <\/a>\n                        <\/figure>\n                    <\/div>\n\n                    \n                    <div class=\"grid-item cloture\">\n                        <figure class=\"grid-wrap\">\n                            <a href=\"https:\/\/parcetjardin.fr\/index.php\/realisations\/pose-et-installation-de-brise-vue-et-cloture-rigide\/\">\n                                \n                                <div class=\"grid-image\">\n\n                                    <img decoding=\"async\" width=\"640\" height=\"400\" src=\"https:\/\/parcetjardin.fr\/wp-content\/smush-webp\/2024\/08\/image00010_1-640x400.jpeg.webp\" class=\"attachment-thelandscaper-project-images-m size-thelandscaper-project-images-m\" alt=\"\" \/>\n                                    <div class=\"grid-center\">\n                                                                                                                            <span class=\"grid-post-button\">Voir galerie<\/span>\n                                                                            <\/div>\n                                <\/div>\n\n                                                                    <span class=\"caption\">Pose et installation de brise vue et cl\u00f4ture rigide<\/span>\n                                                            <\/a>\n                        <\/figure>\n                    <\/div>\n\n                    \n                    <div class=\"grid-item elagage-debroussaillage\">\n                        <figure class=\"grid-wrap\">\n                            <a href=\"https:\/\/parcetjardin.fr\/index.php\/realisations\/abattage-elagage-a-montauroux\/\">\n                                \n                                <div class=\"grid-image\">\n\n                                    <img decoding=\"async\" width=\"720\" height=\"400\" src=\"https:\/\/parcetjardin.fr\/wp-content\/smush-webp\/2024\/05\/Paysagiste-a-Montauroux-et-dans-le-pays-de-Fayence-3-720x400.jpeg.webp\" class=\"attachment-thelandscaper-project-images-m size-thelandscaper-project-images-m\" alt=\"\" \/>\n                                    <div class=\"grid-center\">\n                                                                                                                            <span class=\"grid-post-button\">Voir galerie<\/span>\n                                                                            <\/div>\n                                <\/div>\n\n                                                                    <span class=\"caption\">Abattage \u00e9lagage \u00e0 Montauroux<\/span>\n                                                            <\/a>\n                        <\/figure>\n                    <\/div>\n\n                    \n                    <div class=\"grid-item amenagement-paysager cloture\">\n                        <figure class=\"grid-wrap\">\n                            <a href=\"https:\/\/parcetjardin.fr\/index.php\/realisations\/pose-dune-cloture-et-dun-portail-dans-un-parc-forestier-a-montauroux\/\">\n                                \n                                <div class=\"grid-image\">\n\n                                    <img loading=\"lazy\" decoding=\"async\" width=\"720\" height=\"400\" src=\"https:\/\/parcetjardin.fr\/wp-content\/smush-webp\/2024\/08\/image00052-720x400.jpeg.webp\" class=\"attachment-thelandscaper-project-images-m size-thelandscaper-project-images-m\" alt=\"Portail en fer forg\u00e9 avec mur en pierre et arbres en arri\u00e8re-plan \u00e0 Montauroux, Var\" srcset=\"https:\/\/parcetjardin.fr\/wp-content\/smush-webp\/2024\/08\/image00052-720x400.jpeg.webp 720w, https:\/\/parcetjardin.fr\/wp-content\/smush-webp\/2024\/08\/image00052-1170x650.jpeg.webp 1170w\" sizes=\"(max-width: 720px) 100vw, 720px\" \/>\n                                    <div class=\"grid-center\">\n                                                                                                                            <span class=\"grid-post-button\">Voir galerie<\/span>\n                                                                            <\/div>\n                                <\/div>\n\n                                                                    <span class=\"caption\">Pose d&rsquo;une cl\u00f4ture et d&rsquo;un portail dans un parc forestier \u00e0 Montauroux<\/span>\n                                                            <\/a>\n                        <\/figure>\n                    <\/div>\n\n                    \n                    <div class=\"grid-item entretien\">\n                        <figure class=\"grid-wrap\">\n                            <a href=\"https:\/\/parcetjardin.fr\/index.php\/realisations\/entretien-jardin-autour-de-montauroux-dans-le-var\/\">\n                                \n                                <div class=\"grid-image\">\n\n                                    <img loading=\"lazy\" decoding=\"async\" width=\"720\" height=\"400\" src=\"https:\/\/parcetjardin.fr\/wp-content\/smush-webp\/2023\/07\/maintenance-of-landscape-island-in-big-backyard-garden-720x400.jpg.webp\" class=\"attachment-thelandscaper-project-images-m size-thelandscaper-project-images-m\" alt=\"Maintenance of Landscape Island in Big Backyard Garden\" srcset=\"https:\/\/parcetjardin.fr\/wp-content\/smush-webp\/2023\/07\/maintenance-of-landscape-island-in-big-backyard-garden-720x400.jpg.webp 720w, https:\/\/parcetjardin.fr\/wp-content\/smush-webp\/2023\/07\/maintenance-of-landscape-island-in-big-backyard-garden-1170x650.jpg.webp 1170w\" sizes=\"(max-width: 720px) 100vw, 720px\" \/>\n                                    <div class=\"grid-center\">\n                                                                                                                            <span class=\"grid-post-button\">Voir galerie<\/span>\n                                                                            <\/div>\n                                <\/div>\n\n                                                                    <span class=\"caption\">Entretien jardin autour de Montauroux dans le Var<\/span>\n                                                            <\/a>\n                        <\/figure>\n                    <\/div>\n\n                    \n                    <div class=\"grid-item irrigation-drainage\">\n                        <figure class=\"grid-wrap\">\n                            <a href=\"https:\/\/parcetjardin.fr\/index.php\/realisations\/installation-dune-cuve-recuperateur-deau-de-pluie-dans-le-pays-de-fayence\/\">\n                                \n                                <div class=\"grid-image\">\n\n                                    <img loading=\"lazy\" decoding=\"async\" width=\"720\" height=\"400\" src=\"https:\/\/parcetjardin.fr\/wp-content\/smush-webp\/2024\/05\/Paysagiste-a-Montauroux-et-dans-le-pays-de-Fayence-25-720x400.jpeg.webp\" class=\"attachment-thelandscaper-project-images-m size-thelandscaper-project-images-m\" alt=\"\" \/>\n                                    <div class=\"grid-center\">\n                                                                                                                            <span class=\"grid-post-button\">Voir galerie<\/span>\n                                                                            <\/div>\n                                <\/div>\n\n                                                                    <span class=\"caption\">Installation d&rsquo;une cuve r\u00e9cup\u00e9rateur d\u2019eau de pluie dans le pays de Fayence<\/span>\n                                                            <\/a>\n                        <\/figure>\n                    <\/div>\n\n                    \n                    <div class=\"grid-item amenagement-paysager massif-plantations-arbustes-copeaux\">\n                        <figure class=\"grid-wrap\">\n                            <a href=\"https:\/\/parcetjardin.fr\/index.php\/realisations\/massif-plantations-arbustes-copeaux\/\">\n                                \n                                <div class=\"grid-image\">\n\n                                    <img loading=\"lazy\" decoding=\"async\" width=\"720\" height=\"400\" src=\"https:\/\/parcetjardin.fr\/wp-content\/smush-webp\/2024\/08\/image00006_2-720x400.jpeg.webp\" class=\"attachment-thelandscaper-project-images-m size-thelandscaper-project-images-m\" alt=\"Am\u00e9nagement paysager avec paillis orange et pierres blanches le long d&#039;une terrasse en bois \u00e0 Montauroux, Var\" srcset=\"https:\/\/parcetjardin.fr\/wp-content\/smush-webp\/2024\/08\/image00006_2-720x400.jpeg.webp 720w, https:\/\/parcetjardin.fr\/wp-content\/smush-webp\/2024\/08\/image00006_2-1170x650.jpeg.webp 1170w\" sizes=\"(max-width: 720px) 100vw, 720px\" \/>\n                                    <div class=\"grid-center\">\n                                                                                                                            <span class=\"grid-post-button\">Voir galerie<\/span>\n                                                                            <\/div>\n                                <\/div>\n\n                                                                    <span class=\"caption\">Massif, plantations, arbustes, copeaux<\/span>\n                                                            <\/a>\n                        <\/figure>\n                    <\/div>\n\n                    \n                    <div class=\"grid-item amenagement-paysager jardin pergola\">\n                        <figure class=\"grid-wrap\">\n                            <a href=\"https:\/\/parcetjardin.fr\/index.php\/realisations\/amenagement-paysager-boulodrome-et-pergola-a-seillans\/\">\n                                \n                                <div class=\"grid-image\">\n\n                                    <img loading=\"lazy\" decoding=\"async\" width=\"720\" height=\"400\" src=\"https:\/\/parcetjardin.fr\/wp-content\/smush-webp\/2024\/08\/Creation-dun-jardin-avec-pergola-et-plantation-de-vegetaux-a-Seillans-3-720x400.jpg.webp\" class=\"attachment-thelandscaper-project-images-m size-thelandscaper-project-images-m\" alt=\"Boulodrome bord\u00e9 de murets en pierre et de v\u00e9g\u00e9tation \u00e0 Seillans, Var\" \/>\n                                    <div class=\"grid-center\">\n                                                                                                                            <span class=\"grid-post-button\">Voir galerie<\/span>\n                                                                            <\/div>\n                                <\/div>\n\n                                                                    <span class=\"caption\">Am\u00e9nagement paysager, boulodrome et pergola \u00e0 Seillans<\/span>\n                                                            <\/a>\n                        <\/figure>\n                    <\/div>\n\n                    \n                <\/div>\n\n                \n                    <div class=\"pagination filterable-gallery__pagination\">\n                    \n                    \n                    <\/div>\n\n                \n            \n        <\/div>\n\n    \t\t\t\t<\/div>\n\t\t\t\t<\/div>\n\t\t\t\t\t<\/div>\n\t\t<\/div>\n\t\t\t\t\t<\/div>\n\t\t<\/section>\n\t\t\t\t<\/div>\n\t\t","protected":false},"excerpt":{"rendered":"<p>Tout Am\u00e9nagement paysager Cl\u00f4ture Elagage-D\u00e9broussaillage Entretien Irrigation-Drainage Jardin Massif, plantations, arbustes, copeaux Pergola Voir galerie Massif, plantations, arbustes, copeaux Voir galerie Installation d&rsquo;une cuve r\u00e9cup\u00e9rateur d\u2019eau de pluie dans le pays de Fayence Voir galerie Entretien jardin autour de Montauroux dans le Var Voir galerie Pose et installation de brise vue et cl\u00f4ture rigide Voir [&hellip;]<\/p>\n","protected":false},"author":1,"featured_media":8476,"parent":0,"menu_order":0,"comment_status":"closed","ping_status":"closed","template":"","meta":{"_acf_changed":false,"footnotes":""},"class_list":["post-3572","page","type-page","status-publish","has-post-thumbnail","hentry"],"acf":[],"yoast_head":"<!-- This site is optimized with the Yoast SEO Premium plugin v23.1 (Yoast SEO v27.4) - https:\/\/yoast.com\/product\/yoast-seo-premium-wordpress\/ -->\n<title>Nos r\u00e9alisations paysag\u00e8res \u00e0 Montauroux | Parc et Jardin<\/title>\n<meta name=\"description\" content=\"D\u00e9couvrez nos r\u00e9alisations paysag\u00e8res \u00e0 Montauroux et ses environs. Projets d&#039;am\u00e9nagement de jardins et espaces verts, cr\u00e9\u00e9s avec expertise et passion.\" \/>\n<meta name=\"robots\" content=\"index, follow, max-snippet:-1, max-image-preview:large, max-video-preview:-1\" \/>\n<link rel=\"canonical\" href=\"https:\/\/parcetjardin.fr\/index.php\/nos-realisations-paysageres\/\" \/>\n<meta property=\"og:locale\" content=\"fr_FR\" \/>\n<meta property=\"og:type\" content=\"article\" \/>\n<meta property=\"og:title\" content=\"Nos r\u00e9alisations paysag\u00e8res\" \/>\n<meta property=\"og:description\" content=\"D\u00e9couvrez nos r\u00e9alisations paysag\u00e8res \u00e0 Montauroux et ses environs. Projets d&#039;am\u00e9nagement de jardins et espaces verts, cr\u00e9\u00e9s avec expertise et passion.\" \/>\n<meta property=\"og:url\" content=\"https:\/\/parcetjardin.fr\/index.php\/nos-realisations-paysageres\/\" \/>\n<meta property=\"og:site_name\" content=\"Parcs et jardins\" \/>\n<meta property=\"article:modified_time\" content=\"2024-08-06T07:25:44+00:00\" \/>\n<meta property=\"og:image\" content=\"https:\/\/parcetjardin.fr\/wp-content\/uploads\/2024\/08\/Creation-dun-jardin-avec-pergola-et-plantation-1-rotated.jpg\" \/>\n\t<meta property=\"og:image:width\" content=\"480\" \/>\n\t<meta property=\"og:image:height\" content=\"640\" \/>\n\t<meta property=\"og:image:type\" content=\"image\/jpeg\" \/>\n<meta name=\"twitter:card\" content=\"summary_large_image\" \/>\n<meta name=\"twitter:label1\" content=\"Dur\u00e9e de lecture estim\u00e9e\" \/>\n\t<meta name=\"twitter:data1\" content=\"3 minutes\" \/>\n<script type=\"application\/ld+json\" class=\"yoast-schema-graph\">{\"@context\":\"https:\\\/\\\/schema.org\",\"@graph\":[{\"@type\":\"WebPage\",\"@id\":\"https:\\\/\\\/parcetjardin.fr\\\/index.php\\\/nos-realisations-paysageres\\\/\",\"url\":\"https:\\\/\\\/parcetjardin.fr\\\/index.php\\\/nos-realisations-paysageres\\\/\",\"name\":\"Nos r\u00e9alisations paysag\u00e8res \u00e0 Montauroux | Parc et Jardin\",\"isPartOf\":{\"@id\":\"https:\\\/\\\/parcetjardin.fr\\\/#website\"},\"primaryImageOfPage\":{\"@id\":\"https:\\\/\\\/parcetjardin.fr\\\/index.php\\\/nos-realisations-paysageres\\\/#primaryimage\"},\"image\":{\"@id\":\"https:\\\/\\\/parcetjardin.fr\\\/index.php\\\/nos-realisations-paysageres\\\/#primaryimage\"},\"thumbnailUrl\":\"https:\\\/\\\/parcetjardin.fr\\\/wp-content\\\/uploads\\\/2024\\\/08\\\/Creation-dun-jardin-avec-pergola-et-plantation-1-rotated.jpg\",\"datePublished\":\"2015-09-10T20:28:35+00:00\",\"dateModified\":\"2024-08-06T07:25:44+00:00\",\"description\":\"D\u00e9couvrez nos r\u00e9alisations paysag\u00e8res \u00e0 Montauroux et ses environs. Projets d'am\u00e9nagement de jardins et espaces verts, cr\u00e9\u00e9s avec expertise et passion.\",\"breadcrumb\":{\"@id\":\"https:\\\/\\\/parcetjardin.fr\\\/index.php\\\/nos-realisations-paysageres\\\/#breadcrumb\"},\"inLanguage\":\"fr-FR\",\"potentialAction\":[{\"@type\":\"ReadAction\",\"target\":[\"https:\\\/\\\/parcetjardin.fr\\\/index.php\\\/nos-realisations-paysageres\\\/\"]}]},{\"@type\":\"ImageObject\",\"inLanguage\":\"fr-FR\",\"@id\":\"https:\\\/\\\/parcetjardin.fr\\\/index.php\\\/nos-realisations-paysageres\\\/#primaryimage\",\"url\":\"https:\\\/\\\/parcetjardin.fr\\\/wp-content\\\/uploads\\\/2024\\\/08\\\/Creation-dun-jardin-avec-pergola-et-plantation-1-rotated.jpg\",\"contentUrl\":\"https:\\\/\\\/parcetjardin.fr\\\/wp-content\\\/uploads\\\/2024\\\/08\\\/Creation-dun-jardin-avec-pergola-et-plantation-1-rotated.jpg\",\"width\":480,\"height\":640},{\"@type\":\"BreadcrumbList\",\"@id\":\"https:\\\/\\\/parcetjardin.fr\\\/index.php\\\/nos-realisations-paysageres\\\/#breadcrumb\",\"itemListElement\":[{\"@type\":\"ListItem\",\"position\":1,\"name\":\"Accueil\",\"item\":\"https:\\\/\\\/parcetjardin.fr\\\/\"},{\"@type\":\"ListItem\",\"position\":2,\"name\":\"Nos r\u00e9alisations paysag\u00e8res\"}]},{\"@type\":\"WebSite\",\"@id\":\"https:\\\/\\\/parcetjardin.fr\\\/#website\",\"url\":\"https:\\\/\\\/parcetjardin.fr\\\/\",\"name\":\"Parcs et jardins\",\"description\":\"Paysagiste \u00e0 Montauroux depuis 2005\",\"publisher\":{\"@id\":\"https:\\\/\\\/parcetjardin.fr\\\/#organization\"},\"potentialAction\":[{\"@type\":\"SearchAction\",\"target\":{\"@type\":\"EntryPoint\",\"urlTemplate\":\"https:\\\/\\\/parcetjardin.fr\\\/?s={search_term_string}\"},\"query-input\":{\"@type\":\"PropertyValueSpecification\",\"valueRequired\":true,\"valueName\":\"search_term_string\"}}],\"inLanguage\":\"fr-FR\"},{\"@type\":\"Organization\",\"@id\":\"https:\\\/\\\/parcetjardin.fr\\\/#organization\",\"name\":\"Parcs et jardins\",\"url\":\"https:\\\/\\\/parcetjardin.fr\\\/\",\"logo\":{\"@type\":\"ImageObject\",\"inLanguage\":\"fr-FR\",\"@id\":\"https:\\\/\\\/parcetjardin.fr\\\/#\\\/schema\\\/logo\\\/image\\\/\",\"url\":\"https:\\\/\\\/parcetjardin.fr\\\/wp-content\\\/uploads\\\/2023\\\/07\\\/Fichier-1@600x-scaled.webp\",\"contentUrl\":\"https:\\\/\\\/parcetjardin.fr\\\/wp-content\\\/uploads\\\/2023\\\/07\\\/Fichier-1@600x-scaled.webp\",\"width\":2560,\"height\":726,\"caption\":\"Parcs et jardins\"},\"image\":{\"@id\":\"https:\\\/\\\/parcetjardin.fr\\\/#\\\/schema\\\/logo\\\/image\\\/\"}}]}<\/script>\n<!-- \/ Yoast SEO Premium plugin. -->","yoast_head_json":{"title":"Nos r\u00e9alisations paysag\u00e8res \u00e0 Montauroux | Parc et Jardin","description":"D\u00e9couvrez nos r\u00e9alisations paysag\u00e8res \u00e0 Montauroux et ses environs. Projets d'am\u00e9nagement de jardins et espaces verts, cr\u00e9\u00e9s avec expertise et passion.","robots":{"index":"index","follow":"follow","max-snippet":"max-snippet:-1","max-image-preview":"max-image-preview:large","max-video-preview":"max-video-preview:-1"},"canonical":"https:\/\/parcetjardin.fr\/index.php\/nos-realisations-paysageres\/","og_locale":"fr_FR","og_type":"article","og_title":"Nos r\u00e9alisations paysag\u00e8res","og_description":"D\u00e9couvrez nos r\u00e9alisations paysag\u00e8res \u00e0 Montauroux et ses environs. Projets d'am\u00e9nagement de jardins et espaces verts, cr\u00e9\u00e9s avec expertise et passion.","og_url":"https:\/\/parcetjardin.fr\/index.php\/nos-realisations-paysageres\/","og_site_name":"Parcs et jardins","article_modified_time":"2024-08-06T07:25:44+00:00","og_image":[{"width":480,"height":640,"url":"https:\/\/parcetjardin.fr\/wp-content\/uploads\/2024\/08\/Creation-dun-jardin-avec-pergola-et-plantation-1-rotated.jpg","type":"image\/jpeg"}],"twitter_card":"summary_large_image","twitter_misc":{"Dur\u00e9e de lecture estim\u00e9e":"3 minutes"},"schema":{"@context":"https:\/\/schema.org","@graph":[{"@type":"WebPage","@id":"https:\/\/parcetjardin.fr\/index.php\/nos-realisations-paysageres\/","url":"https:\/\/parcetjardin.fr\/index.php\/nos-realisations-paysageres\/","name":"Nos r\u00e9alisations paysag\u00e8res \u00e0 Montauroux | Parc et Jardin","isPartOf":{"@id":"https:\/\/parcetjardin.fr\/#website"},"primaryImageOfPage":{"@id":"https:\/\/parcetjardin.fr\/index.php\/nos-realisations-paysageres\/#primaryimage"},"image":{"@id":"https:\/\/parcetjardin.fr\/index.php\/nos-realisations-paysageres\/#primaryimage"},"thumbnailUrl":"https:\/\/parcetjardin.fr\/wp-content\/uploads\/2024\/08\/Creation-dun-jardin-avec-pergola-et-plantation-1-rotated.jpg","datePublished":"2015-09-10T20:28:35+00:00","dateModified":"2024-08-06T07:25:44+00:00","description":"D\u00e9couvrez nos r\u00e9alisations paysag\u00e8res \u00e0 Montauroux et ses environs. Projets d'am\u00e9nagement de jardins et espaces verts, cr\u00e9\u00e9s avec expertise et passion.","breadcrumb":{"@id":"https:\/\/parcetjardin.fr\/index.php\/nos-realisations-paysageres\/#breadcrumb"},"inLanguage":"fr-FR","potentialAction":[{"@type":"ReadAction","target":["https:\/\/parcetjardin.fr\/index.php\/nos-realisations-paysageres\/"]}]},{"@type":"ImageObject","inLanguage":"fr-FR","@id":"https:\/\/parcetjardin.fr\/index.php\/nos-realisations-paysageres\/#primaryimage","url":"https:\/\/parcetjardin.fr\/wp-content\/uploads\/2024\/08\/Creation-dun-jardin-avec-pergola-et-plantation-1-rotated.jpg","contentUrl":"https:\/\/parcetjardin.fr\/wp-content\/uploads\/2024\/08\/Creation-dun-jardin-avec-pergola-et-plantation-1-rotated.jpg","width":480,"height":640},{"@type":"BreadcrumbList","@id":"https:\/\/parcetjardin.fr\/index.php\/nos-realisations-paysageres\/#breadcrumb","itemListElement":[{"@type":"ListItem","position":1,"name":"Accueil","item":"https:\/\/parcetjardin.fr\/"},{"@type":"ListItem","position":2,"name":"Nos r\u00e9alisations paysag\u00e8res"}]},{"@type":"WebSite","@id":"https:\/\/parcetjardin.fr\/#website","url":"https:\/\/parcetjardin.fr\/","name":"Parcs et jardins","description":"Paysagiste \u00e0 Montauroux depuis 2005","publisher":{"@id":"https:\/\/parcetjardin.fr\/#organization"},"potentialAction":[{"@type":"SearchAction","target":{"@type":"EntryPoint","urlTemplate":"https:\/\/parcetjardin.fr\/?s={search_term_string}"},"query-input":{"@type":"PropertyValueSpecification","valueRequired":true,"valueName":"search_term_string"}}],"inLanguage":"fr-FR"},{"@type":"Organization","@id":"https:\/\/parcetjardin.fr\/#organization","name":"Parcs et jardins","url":"https:\/\/parcetjardin.fr\/","logo":{"@type":"ImageObject","inLanguage":"fr-FR","@id":"https:\/\/parcetjardin.fr\/#\/schema\/logo\/image\/","url":"https:\/\/parcetjardin.fr\/wp-content\/uploads\/2023\/07\/Fichier-1@600x-scaled.webp","contentUrl":"https:\/\/parcetjardin.fr\/wp-content\/uploads\/2023\/07\/Fichier-1@600x-scaled.webp","width":2560,"height":726,"caption":"Parcs et jardins"},"image":{"@id":"https:\/\/parcetjardin.fr\/#\/schema\/logo\/image\/"}}]}},"_links":{"self":[{"href":"https:\/\/parcetjardin.fr\/index.php\/wp-json\/wp\/v2\/pages\/3572","targetHints":{"allow":["GET"]}}],"collection":[{"href":"https:\/\/parcetjardin.fr\/index.php\/wp-json\/wp\/v2\/pages"}],"about":[{"href":"https:\/\/parcetjardin.fr\/index.php\/wp-json\/wp\/v2\/types\/page"}],"author":[{"embeddable":true,"href":"https:\/\/parcetjardin.fr\/index.php\/wp-json\/wp\/v2\/users\/1"}],"replies":[{"embeddable":true,"href":"https:\/\/parcetjardin.fr\/index.php\/wp-json\/wp\/v2\/comments?post=3572"}],"version-history":[{"count":0,"href":"https:\/\/parcetjardin.fr\/index.php\/wp-json\/wp\/v2\/pages\/3572\/revisions"}],"wp:featuredmedia":[{"embeddable":true,"href":"https:\/\/parcetjardin.fr\/index.php\/wp-json\/wp\/v2\/media\/8476"}],"wp:attachment":[{"href":"https:\/\/parcetjardin.fr\/index.php\/wp-json\/wp\/v2\/media?parent=3572"}],"curies":[{"name":"wp","href":"https:\/\/api.w.org\/{rel}","templated":true}]}}