{"id":5268,"date":"2015-09-01T10:52:48","date_gmt":"2015-09-01T10:52:48","guid":{"rendered":"https:\/\/export-demos.qreativethemes.com\/elementor-thelandscaper\/services\/\/?page_id=5268"},"modified":"2024-08-05T19:40:15","modified_gmt":"2024-08-05T19:40:15","slug":"demande-devis","status":"publish","type":"page","link":"https:\/\/parcetjardin.fr\/index.php\/demande-devis\/","title":{"rendered":"Demande de devis"},"content":{"rendered":"\t\t<div data-elementor-type=\"wp-page\" data-elementor-id=\"5268\" class=\"elementor elementor-5268\" data-elementor-post-type=\"page\">\n\t\t\t\t\t\t<section class=\"elementor-section elementor-top-section elementor-element elementor-element-2f55dc1 elementor-section-boxed elementor-section-height-default elementor-section-height-default\" data-id=\"2f55dc1\" data-element_type=\"section\" data-e-type=\"section\">\n\t\t\t\t\t\t<div class=\"elementor-container elementor-column-gap-extended\">\n\t\t\t\t\t<div class=\"elementor-column elementor-col-50 elementor-top-column elementor-element elementor-element-40ef0ba\" data-id=\"40ef0ba\" data-element_type=\"column\" data-e-type=\"column\">\n\t\t\t<div class=\"elementor-widget-wrap elementor-element-populated\">\n\t\t\t\t\t\t<section class=\"elementor-section elementor-inner-section elementor-element elementor-element-3338e12 elementor-section-boxed elementor-section-height-default elementor-section-height-default\" data-id=\"3338e12\" data-element_type=\"section\" data-e-type=\"section\">\n\t\t\t\t\t\t<div class=\"elementor-container elementor-column-gap-default\">\n\t\t\t\t\t<div class=\"elementor-column elementor-col-100 elementor-inner-column elementor-element elementor-element-25ce4aa\" data-id=\"25ce4aa\" data-element_type=\"column\" data-e-type=\"column\">\n\t\t\t<div class=\"elementor-widget-wrap elementor-element-populated\">\n\t\t\t\t\t\t<div class=\"elementor-element elementor-element-a677c16 elementor-widget elementor-widget-qt-custom-heading\" data-id=\"a677c16\" data-element_type=\"widget\" data-e-type=\"widget\" data-widget_type=\"qt-custom-heading.default\">\n\t\t\t\t<div class=\"elementor-widget-container\">\n\t\t\t\t\t            <div class=\"custom-heading\">\n                <h2 class=\"widget-title\">\n                    <span class=\"light\">Vous<\/span> avez une question ?                <\/h2>\n            <\/div>\n        \t\t\t\t<\/div>\n\t\t\t\t<\/div>\n\t\t\t\t<div class=\"elementor-element elementor-element-0710ddd elementor-widget elementor-widget-image\" data-id=\"0710ddd\" data-element_type=\"widget\" data-e-type=\"widget\" data-widget_type=\"image.default\">\n\t\t\t\t<div class=\"elementor-widget-container\">\n\t\t\t\t\t\t\t\t\t\t\t\t\t\t\t<img fetchpriority=\"high\" decoding=\"async\" width=\"1024\" height=\"684\" src=\"https:\/\/parcetjardin.fr\/wp-content\/smush-webp\/2023\/07\/bunch-of-pink-chrysanthemum-flowers-or-thai-name-call-mam-chompoo-1024x684.jpg.webp\" class=\"attachment-large size-large wp-image-8301\" alt=\"Bunch of pink chrysanthemum flowers or Thai name call Mam Chompoo\" srcset=\"https:\/\/parcetjardin.fr\/wp-content\/smush-webp\/2023\/07\/bunch-of-pink-chrysanthemum-flowers-or-thai-name-call-mam-chompoo-1024x684.jpg.webp 1024w, https:\/\/parcetjardin.fr\/wp-content\/smush-webp\/2023\/07\/bunch-of-pink-chrysanthemum-flowers-or-thai-name-call-mam-chompoo-300x200.jpg.webp 300w, https:\/\/parcetjardin.fr\/wp-content\/smush-webp\/2023\/07\/bunch-of-pink-chrysanthemum-flowers-or-thai-name-call-mam-chompoo-768x513.jpg.webp 768w, https:\/\/parcetjardin.fr\/wp-content\/smush-webp\/2023\/07\/bunch-of-pink-chrysanthemum-flowers-or-thai-name-call-mam-chompoo-1536x1025.jpg.webp 1536w, https:\/\/parcetjardin.fr\/wp-content\/smush-webp\/2023\/07\/bunch-of-pink-chrysanthemum-flowers-or-thai-name-call-mam-chompoo-850x567.jpg.webp 850w, https:\/\/parcetjardin.fr\/wp-content\/smush-webp\/2023\/07\/bunch-of-pink-chrysanthemum-flowers-or-thai-name-call-mam-chompoo-360x240.jpg.webp 360w, https:\/\/parcetjardin.fr\/wp-content\/smush-webp\/2023\/07\/bunch-of-pink-chrysanthemum-flowers-or-thai-name-call-mam-chompoo.jpg.webp 2000w\" sizes=\"(max-width: 1024px) 100vw, 1024px\" \/>\t\t\t\t\t\t\t\t\t\t\t\t\t\t\t<\/div>\n\t\t\t\t<\/div>\n\t\t\t\t<div class=\"elementor-element elementor-element-a7e0d84 elementor-widget elementor-widget-text-editor\" data-id=\"a7e0d84\" data-element_type=\"widget\" data-e-type=\"widget\" data-widget_type=\"text-editor.default\">\n\t\t\t\t<div class=\"elementor-widget-container\">\n\t\t\t\t\t\t\t\t\t<p style=\"margin-bottom: 0px;\">N&rsquo;h\u00e9sitez pas \u00e0 poser des questions d&rsquo;am\u00e9nagement paysager ou d&rsquo;entretien par t\u00e9l\u00e9phone.<\/p><h3><span style=\"color: #9fc612;\"><span style=\"color: #ababab;\"><span class=\"icon-wrap\"><i class=\"fas fa-phone-alt\"><\/i><\/span><\/span> <a href=\"tel:0685081593\"><span style=\"color: #008000;\">06 85 08 15 93<\/span><\/a><\/span><\/h3>\t\t\t\t\t\t\t\t<\/div>\n\t\t\t\t<\/div>\n\t\t\t\t\t<\/div>\n\t\t<\/div>\n\t\t\t\t\t<\/div>\n\t\t<\/section>\n\t\t\t\t<div class=\"elementor-element elementor-element-cf9a348 elementor-widget elementor-widget-qt-icon-box\" data-id=\"cf9a348\" data-element_type=\"widget\" data-e-type=\"widget\" data-widget_type=\"qt-icon-box.default\">\n\t\t\t\t<div class=\"elementor-widget-container\">\n\t\t\t\t\t            <div class=\"icon-box icon-big\">\n        \n                            <i aria-hidden=\"true\" class=\"fas fa-home\"><\/i>            \n                            <h5 class=\"title\">Contact <\/h5>\n            \n                            <span class=\"subtitle\"><p>695 Chemin de Fonduranne<\/p><p>83440 MONTAUROUX<\/p><p><a href=\"tel:0685081593\">06 85 08 15 93<\/a><\/p><\/span>\n                    \n        <\/div>\n        \n    \t\t\t\t<\/div>\n\t\t\t\t<\/div>\n\t\t\t\t<div class=\"elementor-element elementor-element-297af09 elementor-widget elementor-widget-qt-icon-box\" data-id=\"297af09\" data-element_type=\"widget\" data-e-type=\"widget\" data-widget_type=\"qt-icon-box.default\">\n\t\t\t\t<div class=\"elementor-widget-container\">\n\t\t\t\t\t            <div class=\"icon-box icon-big\">\n        \n                            <i aria-hidden=\"true\" class=\"fas fa-clock\"><\/i>            \n                            <h5 class=\"title\">Horaires<\/h5>\n            \n                            <span class=\"subtitle\"><p>Lundi - Vendredi : 08:00 - 18:00 Samedi &amp; Dimanche : ferm\u00e9<\/p><\/span>\n                    \n        <\/div>\n        \n    \t\t\t\t<\/div>\n\t\t\t\t<\/div>\n\t\t\t\t\t<\/div>\n\t\t<\/div>\n\t\t\t\t<div class=\"elementor-column elementor-col-50 elementor-top-column elementor-element elementor-element-456fd7b\" data-id=\"456fd7b\" data-element_type=\"column\" data-e-type=\"column\">\n\t\t\t<div class=\"elementor-widget-wrap elementor-element-populated\">\n\t\t\t\t\t\t<div class=\"elementor-element elementor-element-7d8fc8c elementor-widget elementor-widget-text-editor\" data-id=\"7d8fc8c\" data-element_type=\"widget\" data-e-type=\"widget\" data-widget_type=\"text-editor.default\">\n\t\t\t\t<div class=\"elementor-widget-container\">\n\t\t\t\t\t\t\t\t\t<p>N&rsquo;h\u00e9sitez pas \u00e0 poser des questions sur l&rsquo;am\u00e9nagement paysager ou l&rsquo;entretien par t\u00e9l\u00e9phone ou \u00e0 nous contacter via notre formulaire de contact ci-dessous.<\/p><p>Votre message sera envoy\u00e9 directement \u00e0 notre personnel qui vous r\u00e9pondra d\u00e8s que possible.<\/p>\t\t\t\t\t\t\t\t<\/div>\n\t\t\t\t<\/div>\n\t\t\t\t<div class=\"elementor-element elementor-element-e02d758 elementor-widget elementor-widget-qt-contact-form-7\" data-id=\"e02d758\" data-element_type=\"widget\" data-e-type=\"widget\" data-widget_type=\"qt-contact-form-7.default\">\n\t\t\t\t<div class=\"elementor-widget-container\">\n\t\t\t\t\t\n<div class=\"wpcf7 no-js\" id=\"wpcf7-f5267-o1\" lang=\"en-US\" dir=\"ltr\" data-wpcf7-id=\"5267\">\n<div class=\"screen-reader-response\"><p role=\"status\" aria-live=\"polite\" aria-atomic=\"true\"><\/p> <ul><\/ul><\/div>\n<form action=\"\/index.php\/wp-json\/wp\/v2\/pages\/5268#wpcf7-f5267-o1\" method=\"post\" class=\"wpcf7-form init\" aria-label=\"Contact form\" novalidate=\"novalidate\" data-status=\"init\">\n<fieldset class=\"hidden-fields-container\"><input type=\"hidden\" name=\"_wpcf7\" value=\"5267\" \/><input type=\"hidden\" name=\"_wpcf7_version\" value=\"6.1.5\" \/><input type=\"hidden\" name=\"_wpcf7_locale\" value=\"en_US\" \/><input type=\"hidden\" name=\"_wpcf7_unit_tag\" value=\"wpcf7-f5267-o1\" \/><input type=\"hidden\" name=\"_wpcf7_container_post\" value=\"0\" \/><input type=\"hidden\" name=\"_wpcf7_posted_data_hash\" value=\"\" \/><input type=\"hidden\" name=\"_wpcf7_recaptcha_response\" value=\"\" \/>\n<\/fieldset>\n<div class=\"row\">\n\t<div class=\"col-xs-12 col-md-6\">\n\t\t<p><span>Votre nom<span class=\"wpcf7-form-control-wrap\" data-name=\"your-name\"><input size=\"40\" maxlength=\"400\" class=\"wpcf7-form-control wpcf7-text wpcf7-validates-as-required\" aria-required=\"true\" aria-invalid=\"false\" placeholder=\"Pr\u00e9nom NOM\" value=\"\" type=\"text\" name=\"your-name\" \/><\/span><\/span>\n\t\t<\/p>\n\t<\/div>\n\t<div class=\"col-xs-12 col-md-6\">\n\t\t<p><span>Votre adresse<span class=\"wpcf7-form-control-wrap\" data-name=\"your-address\"><input size=\"40\" maxlength=\"400\" class=\"wpcf7-form-control wpcf7-text wpcf7-validates-as-required\" aria-required=\"true\" aria-invalid=\"false\" placeholder=\"Adresse\" value=\"\" type=\"text\" name=\"your-address\" \/><\/span><\/span>\n\t\t<\/p>\n\t<\/div>\n\t<div class=\"col-xs-12 col-md-6\">\n\t\t<p><span>Votre email<span class=\"wpcf7-form-control-wrap\" data-name=\"your-email\"><input size=\"40\" maxlength=\"400\" class=\"wpcf7-form-control wpcf7-email wpcf7-validates-as-required wpcf7-text wpcf7-validates-as-email\" aria-required=\"true\" aria-invalid=\"false\" placeholder=\"Email\" value=\"\" type=\"email\" name=\"your-email\" \/><\/span><\/span>\n\t\t<\/p>\n\t<\/div>\n\t<div class=\"col-xs-12 col-md-6\">\n\t\t<p><span>Votre t\u00e9l\u00e9phone<span class=\"wpcf7-form-control-wrap\" data-name=\"your-phone\"><input size=\"40\" maxlength=\"400\" class=\"wpcf7-form-control wpcf7-tel wpcf7-validates-as-required wpcf7-text wpcf7-validates-as-tel\" aria-required=\"true\" aria-invalid=\"false\" placeholder=\"T\u00e9l\u00e9phone\" value=\"\" type=\"tel\" name=\"your-phone\" \/><\/span><\/span>\n\t\t<\/p>\n\t<\/div>\n\t<div class=\"col-xs-12 col-md-6\">\n\t\t<p><span>Date de disponibilit\u00e9s * <span class=\"wpcf7-form-control-wrap\" data-name=\"the-date\"><input class=\"wpcf7-form-control wpcf7-date wpcf7-validates-as-date\" aria-invalid=\"false\" value=\"\" type=\"date\" name=\"the-date\" \/><\/span><\/span>\n\t\t<\/p>\n\t<\/div>\n\t<div class=\"col-xs-12 col-md-6\">\n\t\t<p><span>Horaires disponibles * <span class=\"wpcf7-form-control-wrap\" data-name=\"the-time\"><select class=\"wpcf7-form-control wpcf7-select wpcf7-validates-as-required\" aria-required=\"true\" aria-invalid=\"false\" name=\"the-time\"><option value=\"08:00\">08:00<\/option><option value=\"09:00\">09:00<\/option><option value=\"10:00\">10:00<\/option><option value=\"11:00\">11:00<\/option><option value=\"12:00\">12:00<\/option><option value=\"13:00\">13:00<\/option><option value=\"14:00\">14:00<\/option><option value=\"15:00\">15:00<\/option><option value=\"16:00\">16:00<\/option><option value=\"17:00\">17:00<\/option><option value=\"18:00\">18:00<\/option><option value=\"19:00\">19:00<\/option><\/select><\/span><\/span>\n\t\t<\/p>\n\t<\/div>\n<\/div>\n<div class=\"row\">\n\t<div class=\"col-xs-12 col-md-6\">\n\t\t<p><span>Je suis int\u00e9ress\u00e9 par :<\/span><span class=\"wpcf7-form-control-wrap\" data-name=\"services\"><span class=\"wpcf7-form-control wpcf7-checkbox\"><span class=\"wpcf7-list-item first\"><label><input type=\"checkbox\" name=\"services[]\" value=\"Cr\u00e9ation am\u00e9nagements paysagers\" \/><span class=\"wpcf7-list-item-label\">Cr\u00e9ation am\u00e9nagements paysagers<\/span><\/label><\/span><span class=\"wpcf7-list-item\"><label><input type=\"checkbox\" name=\"services[]\" value=\"Plantations arbres et v\u00e9g\u00e9taux\" \/><span class=\"wpcf7-list-item-label\">Plantations arbres et v\u00e9g\u00e9taux<\/span><\/label><\/span><span class=\"wpcf7-list-item\"><label><input type=\"checkbox\" name=\"services[]\" value=\"Irrigation et Drainage\" \/><span class=\"wpcf7-list-item-label\">Irrigation et Drainage<\/span><\/label><\/span><span class=\"wpcf7-list-item\"><label><input type=\"checkbox\" name=\"services[]\" value=\"Taille d&#039;arbres et de v\u00e9g\u00e9taux\" \/><span class=\"wpcf7-list-item-label\">Taille d&#039;arbres et de v\u00e9g\u00e9taux<\/span><\/label><\/span><span class=\"wpcf7-list-item\"><label><input type=\"checkbox\" name=\"services[]\" value=\"D\u00e9broussaillage\" \/><span class=\"wpcf7-list-item-label\">D\u00e9broussaillage<\/span><\/label><\/span><span class=\"wpcf7-list-item last\"><label><input type=\"checkbox\" name=\"services[]\" value=\"Entretien d&#039;espaces verts\" \/><span class=\"wpcf7-list-item-label\">Entretien d&#039;espaces verts<\/span><\/label><\/span><\/span><\/span>\n\t\t<\/p>\n\t<\/div>\n\t<div class=\"col-xs-12 col-md-6\">\n\t\t<p><span>Votre Message<\/span><span class=\"wpcf7-form-control-wrap\" data-name=\"extra-message\"><textarea cols=\"40\" rows=\"10\" maxlength=\"2000\" class=\"wpcf7-form-control wpcf7-textarea\" aria-invalid=\"false\" placeholder=\"Votre message\" name=\"extra-message\"><\/textarea><\/span><input class=\"wpcf7-form-control wpcf7-submit has-spinner btn btn-primary\" type=\"submit\" value=\"Proposez un RDV\" \/>\n\t\t<\/p>\n\t<\/div>\n<\/div><div class=\"wpcf7-response-output\" aria-hidden=\"true\"><\/div>\n<\/form>\n<\/div>\n\t\t\t\t<\/div>\n\t\t\t\t<\/div>\n\t\t\t\t\t<\/div>\n\t\t<\/div>\n\t\t\t\t\t<\/div>\n\t\t<\/section>\n\t\t\t\t<section class=\"elementor-section elementor-top-section elementor-element elementor-element-711cc26 elementor-section-full_width elementor-section-stretched elementor-section-height-default elementor-section-height-default\" data-id=\"711cc26\" data-element_type=\"section\" data-e-type=\"section\" data-settings=\"{&quot;stretch_section&quot;:&quot;section-stretched&quot;}\">\n\t\t\t\t\t\t<div class=\"elementor-container elementor-column-gap-no\">\n\t\t\t\t\t<div class=\"elementor-column elementor-col-100 elementor-top-column elementor-element elementor-element-b2ad195\" data-id=\"b2ad195\" data-element_type=\"column\" data-e-type=\"column\">\n\t\t\t<div class=\"elementor-widget-wrap\">\n\t\t\t\t\t\t\t<\/div>\n\t\t<\/div>\n\t\t\t\t\t<\/div>\n\t\t<\/section>\n\t\t\t\t<\/div>\n\t\t","protected":false},"excerpt":{"rendered":"<p>Vous avez une question ? N&rsquo;h\u00e9sitez pas \u00e0 poser des questions d&rsquo;am\u00e9nagement paysager ou d&rsquo;entretien par t\u00e9l\u00e9phone. 06 85 08 15 93 Contact 695 Chemin de Fonduranne 83440 MONTAUROUX 06 85 08 15 93 Horaires Lundi &#8211; Vendredi : 08:00 &#8211; 18:00 Samedi &amp; Dimanche : ferm\u00e9 N&rsquo;h\u00e9sitez pas \u00e0 poser des questions sur l&rsquo;am\u00e9nagement [&hellip;]<\/p>\n","protected":false},"author":1,"featured_media":7951,"parent":0,"menu_order":0,"comment_status":"closed","ping_status":"closed","template":"","meta":{"_acf_changed":false,"footnotes":""},"class_list":["post-5268","page","type-page","status-publish","has-post-thumbnail","hentry"],"acf":[],"yoast_head":"<!-- This site is optimized with the Yoast SEO Premium plugin v23.1 (Yoast SEO v27.4) - https:\/\/yoast.com\/product\/yoast-seo-premium-wordpress\/ -->\n<title>Demande de devis paysager \u00e0 Montauroux | Parc et Jardin<\/title>\n<meta name=\"description\" content=\"Obtenez un devis gratuit pour vos projets paysagers \u00e0 Montauroux et ses environs. Contactez-nous pour des solutions sur mesure en am\u00e9nagement de jardin.\" \/>\n<meta name=\"robots\" content=\"index, follow, max-snippet:-1, max-image-preview:large, max-video-preview:-1\" \/>\n<link rel=\"canonical\" href=\"https:\/\/parcetjardin.fr\/index.php\/demande-devis\/\" \/>\n<meta property=\"og:locale\" content=\"fr_FR\" \/>\n<meta property=\"og:type\" content=\"article\" \/>\n<meta property=\"og:title\" content=\"Demande de devis\" \/>\n<meta property=\"og:description\" content=\"Obtenez un devis gratuit pour vos projets paysagers \u00e0 Montauroux et ses environs. Contactez-nous pour des solutions sur mesure en am\u00e9nagement de jardin.\" \/>\n<meta property=\"og:url\" content=\"https:\/\/parcetjardin.fr\/index.php\/demande-devis\/\" \/>\n<meta property=\"og:site_name\" content=\"Parcs et jardins\" \/>\n<meta property=\"article:modified_time\" content=\"2024-08-05T19:40:15+00:00\" \/>\n<meta property=\"og:image\" content=\"https:\/\/parcetjardin.fr\/wp-content\/uploads\/2023\/07\/professional-gardener-cutting-green-grass-on-lawn-mower-machine-in-park.jpg\" \/>\n\t<meta property=\"og:image:width\" content=\"2000\" \/>\n\t<meta property=\"og:image:height\" content=\"1333\" \/>\n\t<meta property=\"og:image:type\" content=\"image\/jpeg\" \/>\n<meta name=\"twitter:card\" content=\"summary_large_image\" \/>\n<meta name=\"twitter:label1\" content=\"Dur\u00e9e de lecture estim\u00e9e\" \/>\n\t<meta name=\"twitter:data1\" content=\"2 minutes\" \/>\n<script type=\"application\/ld+json\" class=\"yoast-schema-graph\">{\"@context\":\"https:\\\/\\\/schema.org\",\"@graph\":[{\"@type\":\"WebPage\",\"@id\":\"https:\\\/\\\/parcetjardin.fr\\\/index.php\\\/demande-devis\\\/\",\"url\":\"https:\\\/\\\/parcetjardin.fr\\\/index.php\\\/demande-devis\\\/\",\"name\":\"Demande de devis paysager \u00e0 Montauroux | Parc et Jardin\",\"isPartOf\":{\"@id\":\"https:\\\/\\\/parcetjardin.fr\\\/#website\"},\"primaryImageOfPage\":{\"@id\":\"https:\\\/\\\/parcetjardin.fr\\\/index.php\\\/demande-devis\\\/#primaryimage\"},\"image\":{\"@id\":\"https:\\\/\\\/parcetjardin.fr\\\/index.php\\\/demande-devis\\\/#primaryimage\"},\"thumbnailUrl\":\"https:\\\/\\\/parcetjardin.fr\\\/wp-content\\\/uploads\\\/2023\\\/07\\\/professional-gardener-cutting-green-grass-on-lawn-mower-machine-in-park.jpg\",\"datePublished\":\"2015-09-01T10:52:48+00:00\",\"dateModified\":\"2024-08-05T19:40:15+00:00\",\"description\":\"Obtenez un devis gratuit pour vos projets paysagers \u00e0 Montauroux et ses environs. Contactez-nous pour des solutions sur mesure en am\u00e9nagement de jardin.\",\"breadcrumb\":{\"@id\":\"https:\\\/\\\/parcetjardin.fr\\\/index.php\\\/demande-devis\\\/#breadcrumb\"},\"inLanguage\":\"fr-FR\",\"potentialAction\":[{\"@type\":\"ReadAction\",\"target\":[\"https:\\\/\\\/parcetjardin.fr\\\/index.php\\\/demande-devis\\\/\"]}]},{\"@type\":\"ImageObject\",\"inLanguage\":\"fr-FR\",\"@id\":\"https:\\\/\\\/parcetjardin.fr\\\/index.php\\\/demande-devis\\\/#primaryimage\",\"url\":\"https:\\\/\\\/parcetjardin.fr\\\/wp-content\\\/uploads\\\/2023\\\/07\\\/professional-gardener-cutting-green-grass-on-lawn-mower-machine-in-park.jpg\",\"contentUrl\":\"https:\\\/\\\/parcetjardin.fr\\\/wp-content\\\/uploads\\\/2023\\\/07\\\/professional-gardener-cutting-green-grass-on-lawn-mower-machine-in-park.jpg\",\"width\":2000,\"height\":1333,\"caption\":\"Professional gardener cutting green grass on lawn mower machine in park\"},{\"@type\":\"BreadcrumbList\",\"@id\":\"https:\\\/\\\/parcetjardin.fr\\\/index.php\\\/demande-devis\\\/#breadcrumb\",\"itemListElement\":[{\"@type\":\"ListItem\",\"position\":1,\"name\":\"Accueil\",\"item\":\"https:\\\/\\\/parcetjardin.fr\\\/\"},{\"@type\":\"ListItem\",\"position\":2,\"name\":\"Demande de devis\"}]},{\"@type\":\"WebSite\",\"@id\":\"https:\\\/\\\/parcetjardin.fr\\\/#website\",\"url\":\"https:\\\/\\\/parcetjardin.fr\\\/\",\"name\":\"Parcs et jardins\",\"description\":\"Paysagiste \u00e0 Montauroux depuis 2005\",\"publisher\":{\"@id\":\"https:\\\/\\\/parcetjardin.fr\\\/#organization\"},\"potentialAction\":[{\"@type\":\"SearchAction\",\"target\":{\"@type\":\"EntryPoint\",\"urlTemplate\":\"https:\\\/\\\/parcetjardin.fr\\\/?s={search_term_string}\"},\"query-input\":{\"@type\":\"PropertyValueSpecification\",\"valueRequired\":true,\"valueName\":\"search_term_string\"}}],\"inLanguage\":\"fr-FR\"},{\"@type\":\"Organization\",\"@id\":\"https:\\\/\\\/parcetjardin.fr\\\/#organization\",\"name\":\"Parcs et jardins\",\"url\":\"https:\\\/\\\/parcetjardin.fr\\\/\",\"logo\":{\"@type\":\"ImageObject\",\"inLanguage\":\"fr-FR\",\"@id\":\"https:\\\/\\\/parcetjardin.fr\\\/#\\\/schema\\\/logo\\\/image\\\/\",\"url\":\"https:\\\/\\\/parcetjardin.fr\\\/wp-content\\\/uploads\\\/2023\\\/07\\\/Fichier-1@600x-scaled.webp\",\"contentUrl\":\"https:\\\/\\\/parcetjardin.fr\\\/wp-content\\\/uploads\\\/2023\\\/07\\\/Fichier-1@600x-scaled.webp\",\"width\":2560,\"height\":726,\"caption\":\"Parcs et jardins\"},\"image\":{\"@id\":\"https:\\\/\\\/parcetjardin.fr\\\/#\\\/schema\\\/logo\\\/image\\\/\"}}]}<\/script>\n<!-- \/ Yoast SEO Premium plugin. -->","yoast_head_json":{"title":"Demande de devis paysager \u00e0 Montauroux | Parc et Jardin","description":"Obtenez un devis gratuit pour vos projets paysagers \u00e0 Montauroux et ses environs. Contactez-nous pour des solutions sur mesure en am\u00e9nagement de jardin.","robots":{"index":"index","follow":"follow","max-snippet":"max-snippet:-1","max-image-preview":"max-image-preview:large","max-video-preview":"max-video-preview:-1"},"canonical":"https:\/\/parcetjardin.fr\/index.php\/demande-devis\/","og_locale":"fr_FR","og_type":"article","og_title":"Demande de devis","og_description":"Obtenez un devis gratuit pour vos projets paysagers \u00e0 Montauroux et ses environs. Contactez-nous pour des solutions sur mesure en am\u00e9nagement de jardin.","og_url":"https:\/\/parcetjardin.fr\/index.php\/demande-devis\/","og_site_name":"Parcs et jardins","article_modified_time":"2024-08-05T19:40:15+00:00","og_image":[{"width":2000,"height":1333,"url":"https:\/\/parcetjardin.fr\/wp-content\/uploads\/2023\/07\/professional-gardener-cutting-green-grass-on-lawn-mower-machine-in-park.jpg","type":"image\/jpeg"}],"twitter_card":"summary_large_image","twitter_misc":{"Dur\u00e9e de lecture estim\u00e9e":"2 minutes"},"schema":{"@context":"https:\/\/schema.org","@graph":[{"@type":"WebPage","@id":"https:\/\/parcetjardin.fr\/index.php\/demande-devis\/","url":"https:\/\/parcetjardin.fr\/index.php\/demande-devis\/","name":"Demande de devis paysager \u00e0 Montauroux | Parc et Jardin","isPartOf":{"@id":"https:\/\/parcetjardin.fr\/#website"},"primaryImageOfPage":{"@id":"https:\/\/parcetjardin.fr\/index.php\/demande-devis\/#primaryimage"},"image":{"@id":"https:\/\/parcetjardin.fr\/index.php\/demande-devis\/#primaryimage"},"thumbnailUrl":"https:\/\/parcetjardin.fr\/wp-content\/uploads\/2023\/07\/professional-gardener-cutting-green-grass-on-lawn-mower-machine-in-park.jpg","datePublished":"2015-09-01T10:52:48+00:00","dateModified":"2024-08-05T19:40:15+00:00","description":"Obtenez un devis gratuit pour vos projets paysagers \u00e0 Montauroux et ses environs. Contactez-nous pour des solutions sur mesure en am\u00e9nagement de jardin.","breadcrumb":{"@id":"https:\/\/parcetjardin.fr\/index.php\/demande-devis\/#breadcrumb"},"inLanguage":"fr-FR","potentialAction":[{"@type":"ReadAction","target":["https:\/\/parcetjardin.fr\/index.php\/demande-devis\/"]}]},{"@type":"ImageObject","inLanguage":"fr-FR","@id":"https:\/\/parcetjardin.fr\/index.php\/demande-devis\/#primaryimage","url":"https:\/\/parcetjardin.fr\/wp-content\/uploads\/2023\/07\/professional-gardener-cutting-green-grass-on-lawn-mower-machine-in-park.jpg","contentUrl":"https:\/\/parcetjardin.fr\/wp-content\/uploads\/2023\/07\/professional-gardener-cutting-green-grass-on-lawn-mower-machine-in-park.jpg","width":2000,"height":1333,"caption":"Professional gardener cutting green grass on lawn mower machine in park"},{"@type":"BreadcrumbList","@id":"https:\/\/parcetjardin.fr\/index.php\/demande-devis\/#breadcrumb","itemListElement":[{"@type":"ListItem","position":1,"name":"Accueil","item":"https:\/\/parcetjardin.fr\/"},{"@type":"ListItem","position":2,"name":"Demande de devis"}]},{"@type":"WebSite","@id":"https:\/\/parcetjardin.fr\/#website","url":"https:\/\/parcetjardin.fr\/","name":"Parcs et jardins","description":"Paysagiste \u00e0 Montauroux depuis 2005","publisher":{"@id":"https:\/\/parcetjardin.fr\/#organization"},"potentialAction":[{"@type":"SearchAction","target":{"@type":"EntryPoint","urlTemplate":"https:\/\/parcetjardin.fr\/?s={search_term_string}"},"query-input":{"@type":"PropertyValueSpecification","valueRequired":true,"valueName":"search_term_string"}}],"inLanguage":"fr-FR"},{"@type":"Organization","@id":"https:\/\/parcetjardin.fr\/#organization","name":"Parcs et jardins","url":"https:\/\/parcetjardin.fr\/","logo":{"@type":"ImageObject","inLanguage":"fr-FR","@id":"https:\/\/parcetjardin.fr\/#\/schema\/logo\/image\/","url":"https:\/\/parcetjardin.fr\/wp-content\/uploads\/2023\/07\/Fichier-1@600x-scaled.webp","contentUrl":"https:\/\/parcetjardin.fr\/wp-content\/uploads\/2023\/07\/Fichier-1@600x-scaled.webp","width":2560,"height":726,"caption":"Parcs et jardins"},"image":{"@id":"https:\/\/parcetjardin.fr\/#\/schema\/logo\/image\/"}}]}},"_links":{"self":[{"href":"https:\/\/parcetjardin.fr\/index.php\/wp-json\/wp\/v2\/pages\/5268","targetHints":{"allow":["GET"]}}],"collection":[{"href":"https:\/\/parcetjardin.fr\/index.php\/wp-json\/wp\/v2\/pages"}],"about":[{"href":"https:\/\/parcetjardin.fr\/index.php\/wp-json\/wp\/v2\/types\/page"}],"author":[{"embeddable":true,"href":"https:\/\/parcetjardin.fr\/index.php\/wp-json\/wp\/v2\/users\/1"}],"replies":[{"embeddable":true,"href":"https:\/\/parcetjardin.fr\/index.php\/wp-json\/wp\/v2\/comments?post=5268"}],"version-history":[{"count":0,"href":"https:\/\/parcetjardin.fr\/index.php\/wp-json\/wp\/v2\/pages\/5268\/revisions"}],"wp:featuredmedia":[{"embeddable":true,"href":"https:\/\/parcetjardin.fr\/index.php\/wp-json\/wp\/v2\/media\/7951"}],"wp:attachment":[{"href":"https:\/\/parcetjardin.fr\/index.php\/wp-json\/wp\/v2\/media?parent=5268"}],"curies":[{"name":"wp","href":"https:\/\/api.w.org\/{rel}","templated":true}]}}