{"id":8650,"date":"2024-08-05T20:15:51","date_gmt":"2024-08-05T20:15:51","guid":{"rendered":"https:\/\/parcetjardin.fr\/?page_id=8650"},"modified":"2024-08-05T20:25:56","modified_gmt":"2024-08-05T20:25:56","slug":"mentions-legales","status":"publish","type":"page","link":"https:\/\/parcetjardin.fr\/index.php\/mentions-legales\/","title":{"rendered":"Mentions l\u00e9gales"},"content":{"rendered":"\t\t<div data-elementor-type=\"wp-page\" data-elementor-id=\"8650\" class=\"elementor elementor-8650\" data-elementor-post-type=\"page\">\n\t\t\t\t\t\t<section class=\"elementor-section elementor-top-section elementor-element elementor-element-47fc1011 elementor-section-boxed elementor-section-height-default elementor-section-height-default\" data-id=\"47fc1011\" data-element_type=\"section\" data-e-type=\"section\">\n\t\t\t\t\t\t<div class=\"elementor-container elementor-column-gap-default\">\n\t\t\t\t\t<div class=\"elementor-column elementor-col-100 elementor-top-column elementor-element elementor-element-25cfe03f\" data-id=\"25cfe03f\" data-element_type=\"column\" data-e-type=\"column\">\n\t\t\t<div class=\"elementor-widget-wrap elementor-element-populated\">\n\t\t\t\t\t\t<div class=\"elementor-element elementor-element-77b6323e elementor-widget elementor-widget-text-editor\" data-id=\"77b6323e\" data-element_type=\"widget\" data-e-type=\"widget\" data-widget_type=\"text-editor.default\">\n\t\t\t\t<div class=\"elementor-widget-container\">\n\t\t\t\t\t\t\t\t\t<p><\/p>\n<div class=\"elementor-element elementor-element-5684038 elementor-widget elementor-widget-heading\" data-id=\"5684038\" data-element_type=\"widget\" data-widget_type=\"heading.default\">\n<div class=\"elementor-widget-container\">\n<h2 class=\"elementor-heading-title elementor-size-default wp-block-heading\">\u00c9dition du site Internet<\/h2>\n<\/div>\n<\/div>\n<div class=\"elementor-element elementor-element-24dded2 elementor-widget elementor-widget-text-editor\" data-id=\"24dded2\" data-element_type=\"widget\" data-widget_type=\"text-editor.default\">\n<div class=\"elementor-widget-container\">\n<div class=\"elementor-text-editor elementor-clearfix\">\n<p>Le site PARC ET JARDIN\u00a0 (ci-apre\u0300s \u00ab le Site \u00bb), accessible a\u0300 l\u2019adresse\u00a0<a href=\"https:\/\/parcetjardin.fr\/\">https:\/\/parcetjardin.fr\/<\/a>\u00a0est e\u0301dite\u0301 par la socie\u0301te\u0301 LAC VISION (ci-apre\u0300s \u00ab l\u2019\u00c9diteur \u00bb), SARL au capital de 5000 euros, dont le sie\u0300ge social est situe\u0301 650 Chemin des Cabri\u00e8res 06250 MOUGINS, France.<\/p>\n<p>(<span id=\"eeb-684516-545167\"><a href=\"tel:0667265987\">0667265987<\/a>,\u00a0<a href=\"mailto:contact@lacvision.fr\">contact@lacvision.fr<\/a><\/span>).<\/p>\n<p>\u00a0<\/p>\n<p>La soci\u00e9t\u00e9 est immatricul\u00e9e sous le num\u00e9ro 890610777<em>\u00a0<\/em>RCS Cannes SIRET :<strong><em>\u00a089061077700017.<\/em><\/strong>\u00a0Code APE :\u00a0<strong><em>6202A \u2013 Conseil en syst\u00e8mes et logiciels informatiques.<\/em><\/strong><\/p>\n<\/div>\n<\/div>\n<\/div>\n<div class=\"elementor-element elementor-element-7e52fbf elementor-widget elementor-widget-heading\" data-id=\"7e52fbf\" data-element_type=\"widget\" data-widget_type=\"heading.default\">\n<div class=\"elementor-widget-container\">\n<h2>\u00a0<\/h2>\n<h2 class=\"elementor-heading-title elementor-size-default\">R\u00e9daction du site Internet<\/h2>\n<\/div>\n<\/div>\n<div class=\"elementor-element elementor-element-c1d2407 elementor-widget elementor-widget-text-editor\" data-id=\"c1d2407\" data-element_type=\"widget\" data-widget_type=\"text-editor.default\">\n<div class=\"elementor-widget-container\">\n<div class=\"elementor-text-editor elementor-clearfix\">\n<p>Directeur de la publication : Christophe ROBERT<\/p>\n<p>Contact :\u00a0<span id=\"eeb-949299-407590\">0667265987 ;\u00a0<a href=\"mailto:contact@lacvision.fr\">contact@lacvision.fr<\/a><\/span><\/p>\n<\/div>\n<\/div>\n<\/div>\n<div class=\"elementor-element elementor-element-3f81e06 elementor-widget elementor-widget-heading\" data-id=\"3f81e06\" data-element_type=\"widget\" data-widget_type=\"heading.default\">\n<div class=\"elementor-widget-container\">\n<h2>\u00a0<\/h2>\n<h2 class=\"elementor-heading-title elementor-size-default\">H\u00e9bergeur du site Internet<\/h2>\n<p>\u00a0<\/p>\n<\/div>\n<\/div>\n<div class=\"elementor-element elementor-element-ccba8fc elementor-widget elementor-widget-text-editor\" data-id=\"ccba8fc\" data-element_type=\"widget\" data-widget_type=\"text-editor.default\">\n<div class=\"elementor-widget-container\">\n<div class=\"elementor-text-editor elementor-clearfix\">\n<p>Le site est he\u0301berge\u0301 par LAC VISION, SARL au capital de 5000 euros, dont le sie\u0300ge social est situe\u0301 650 Chemin des Cabri\u00e8res 06250 MOUGINS, France, joignable par le moyen suivant :\u00a0<span id=\"eeb-885888-29428\">0667265987<\/span>.<\/p>\n<\/div>\n<\/div>\n<\/div>\n<div class=\"elementor-element elementor-element-f7ec2a6 elementor-widget elementor-widget-heading\" data-id=\"f7ec2a6\" data-element_type=\"widget\" data-widget_type=\"heading.default\">\n<div class=\"elementor-widget-container\">\n<h2>\u00a0<\/h2>\n<h2 class=\"elementor-heading-title elementor-size-default\">Respect de la propri\u00e9t\u00e9 intellectuelle<\/h2>\n<p>\u00a0<\/p>\n<\/div>\n<\/div>\n<div class=\"elementor-element elementor-element-49424e7 elementor-widget elementor-widget-text-editor\" data-id=\"49424e7\" data-element_type=\"widget\" data-widget_type=\"text-editor.default\">\n<div class=\"elementor-widget-container\">\n<div class=\"elementor-text-editor elementor-clearfix\">\n<p>Toutes les marques, photographies, textes, commentaires, illustrations, images anime\u0301es ou non, se\u0301quences vide\u0301o, sons, ainsi que toutes les applications informatiques qui pourraient e\u0302tre utilise\u0301es pour faire fonctionner le Site et plus ge\u0301ne\u0301ralement tous les e\u0301le\u0301ments reproduits ou utilise\u0301s sur le Site sont prote\u0301ge\u0301s par les lois en vigueur au titre de la proprie\u0301te\u0301 intellectuelle.<\/p>\n<p>\u00a0<\/p>\n<p>Ils sont la proprie\u0301te\u0301 pleine et entie\u0300re de l\u2019Editeur ou de ses partenaires, sauf mentions particulie\u0300res. Toute reproduction, repre\u0301sentation, utilisation ou adaptation, sous quelque forme que ce soit, de tout ou partie de ces e\u0301le\u0301ments, y compris les applications informatiques, sans l\u2019accord pre\u0301alable et e\u0301crit de l\u2019Editeur, sont strictement interdites.<\/p>\n<p>Le fait pour l\u2019Editeur de ne pas engager de proce\u0301dure de\u0300s la prise de connaissance de ces utilisations non autorise\u0301es ne vaut pas acceptation desdites utilisations et renonciation aux poursuites.<\/p>\n<p>\u00a0<\/p>\n<p>Seule l\u2019utilisation pour un usage prive\u0301 dans un cercle de famille est autorise\u0301e et toute autre utilisation est constitutive de contrefac\u0327on et\/ou d\u2019atteinte aux droits voisins, sanctionne\u0301es par Code de la proprie\u0301te\u0301 intellectuelle.<\/p>\n<p>\u00a0<\/p>\n<p>La reprise de tout ou partie de ce contenu ne\u0301cessite l\u2019autorisation pre\u0301alable de l\u2019Editeur ou du titulaire des droits sur ce contenu.<\/p>\n<\/div>\n<\/div>\n<\/div>\n<div class=\"elementor-element elementor-element-759152c elementor-widget elementor-widget-heading\" data-id=\"759152c\" data-element_type=\"widget\" data-widget_type=\"heading.default\">\n<div class=\"elementor-widget-container\">\n<h2>\u00a0<\/h2>\n<h2 class=\"elementor-heading-title elementor-size-default\">Liens hypertextes<\/h2>\n<\/div>\n<\/div>\n<div class=\"elementor-element elementor-element-c2a2598 elementor-widget elementor-widget-text-editor\" data-id=\"c2a2598\" data-element_type=\"widget\" data-widget_type=\"text-editor.default\">\n<div class=\"elementor-widget-container\">\n<div class=\"elementor-text-editor elementor-clearfix\">\n<p>Le Site peut contenir des liens hypertexte donnant acce\u0300s a\u0300 d\u2019autres sites web e\u0301dite\u0301s et ge\u0301re\u0301s par des tiers et non par l\u2019\u00c9diteur.<\/p>\n<p>\u00a0<\/p>\n<p>L\u2019\u00c9diteur ne pourra e\u0302tre tenu responsable directement ou indirectement dans le cas ou\u0300 lesdits sites tiers ne respecteraient pas les dispositions le\u0301gales.<\/p>\n<\/div>\n<\/div>\n<\/div>\n<p><\/p>\t\t\t\t\t\t\t\t<\/div>\n\t\t\t\t<\/div>\n\t\t\t\t\t<\/div>\n\t\t<\/div>\n\t\t\t\t\t<\/div>\n\t\t<\/section>\n\t\t\t\t<\/div>\n\t\t","protected":false},"excerpt":{"rendered":"<p>\u00c9dition du site Internet Le site PARC ET JARDIN\u00a0 (ci-apre\u0300s \u00ab le Site \u00bb), accessible a\u0300 l\u2019adresse\u00a0https:\/\/parcetjardin.fr\/\u00a0est e\u0301dite\u0301 par la socie\u0301te\u0301 LAC VISION (ci-apre\u0300s \u00ab l\u2019\u00c9diteur \u00bb), SARL au capital de 5000 euros, dont le sie\u0300ge social est situe\u0301 650 Chemin des Cabri\u00e8res 06250 MOUGINS, France. (0667265987,\u00a0contact@lacvision.fr). \u00a0 La soci\u00e9t\u00e9 est immatricul\u00e9e sous le num\u00e9ro [&hellip;]<\/p>\n","protected":false},"author":1,"featured_media":0,"parent":0,"menu_order":0,"comment_status":"closed","ping_status":"closed","template":"","meta":{"_acf_changed":false,"footnotes":""},"class_list":["post-8650","page","type-page","status-publish","hentry"],"acf":[],"yoast_head":"<!-- This site is optimized with the Yoast SEO Premium plugin v23.1 (Yoast SEO v27.4) - https:\/\/yoast.com\/product\/yoast-seo-premium-wordpress\/ -->\n<title>Mentions l\u00e9gales | Parc et Jardin Montauroux<\/title>\n<meta name=\"description\" content=\"Consultez les mentions l\u00e9gales de Parc et Jardin \u00e0 Montauroux. Informations l\u00e9gales et r\u00e9glementaires sur notre site et nos services.\" \/>\n<meta name=\"robots\" content=\"index, follow, max-snippet:-1, max-image-preview:large, max-video-preview:-1\" \/>\n<link rel=\"canonical\" href=\"https:\/\/parcetjardin.fr\/index.php\/mentions-legales\/\" \/>\n<meta property=\"og:locale\" content=\"fr_FR\" \/>\n<meta property=\"og:type\" content=\"article\" \/>\n<meta property=\"og:title\" content=\"Mentions l\u00e9gales\" \/>\n<meta property=\"og:description\" content=\"Consultez les mentions l\u00e9gales de Parc et Jardin \u00e0 Montauroux. Informations l\u00e9gales et r\u00e9glementaires sur notre site et nos services.\" \/>\n<meta property=\"og:url\" content=\"https:\/\/parcetjardin.fr\/index.php\/mentions-legales\/\" \/>\n<meta property=\"og:site_name\" content=\"Parcs et jardins\" \/>\n<meta property=\"article:modified_time\" content=\"2024-08-05T20:25:56+00:00\" \/>\n<meta property=\"og:image\" content=\"https:\/\/parcetjardin.fr\/wp-content\/uploads\/2023\/07\/Fichier-1@600x-scaled.webp\" \/>\n\t<meta property=\"og:image:width\" content=\"2560\" \/>\n\t<meta property=\"og:image:height\" content=\"726\" \/>\n\t<meta property=\"og:image:type\" content=\"image\/webp\" \/>\n<meta name=\"twitter:card\" content=\"summary_large_image\" \/>\n<meta name=\"twitter:label1\" content=\"Dur\u00e9e de lecture estim\u00e9e\" \/>\n\t<meta name=\"twitter:data1\" content=\"2 minutes\" \/>\n<script type=\"application\/ld+json\" class=\"yoast-schema-graph\">{\"@context\":\"https:\\\/\\\/schema.org\",\"@graph\":[{\"@type\":\"WebPage\",\"@id\":\"https:\\\/\\\/parcetjardin.fr\\\/index.php\\\/mentions-legales\\\/\",\"url\":\"https:\\\/\\\/parcetjardin.fr\\\/index.php\\\/mentions-legales\\\/\",\"name\":\"Mentions l\u00e9gales | Parc et Jardin Montauroux\",\"isPartOf\":{\"@id\":\"https:\\\/\\\/parcetjardin.fr\\\/#website\"},\"datePublished\":\"2024-08-05T20:15:51+00:00\",\"dateModified\":\"2024-08-05T20:25:56+00:00\",\"description\":\"Consultez les mentions l\u00e9gales de Parc et Jardin \u00e0 Montauroux. Informations l\u00e9gales et r\u00e9glementaires sur notre site et nos services.\",\"breadcrumb\":{\"@id\":\"https:\\\/\\\/parcetjardin.fr\\\/index.php\\\/mentions-legales\\\/#breadcrumb\"},\"inLanguage\":\"fr-FR\",\"potentialAction\":[{\"@type\":\"ReadAction\",\"target\":[\"https:\\\/\\\/parcetjardin.fr\\\/index.php\\\/mentions-legales\\\/\"]}]},{\"@type\":\"BreadcrumbList\",\"@id\":\"https:\\\/\\\/parcetjardin.fr\\\/index.php\\\/mentions-legales\\\/#breadcrumb\",\"itemListElement\":[{\"@type\":\"ListItem\",\"position\":1,\"name\":\"Accueil\",\"item\":\"https:\\\/\\\/parcetjardin.fr\\\/\"},{\"@type\":\"ListItem\",\"position\":2,\"name\":\"Mentions l\u00e9gales\"}]},{\"@type\":\"WebSite\",\"@id\":\"https:\\\/\\\/parcetjardin.fr\\\/#website\",\"url\":\"https:\\\/\\\/parcetjardin.fr\\\/\",\"name\":\"Parcs et jardins\",\"description\":\"Paysagiste \u00e0 Montauroux depuis 2005\",\"publisher\":{\"@id\":\"https:\\\/\\\/parcetjardin.fr\\\/#organization\"},\"potentialAction\":[{\"@type\":\"SearchAction\",\"target\":{\"@type\":\"EntryPoint\",\"urlTemplate\":\"https:\\\/\\\/parcetjardin.fr\\\/?s={search_term_string}\"},\"query-input\":{\"@type\":\"PropertyValueSpecification\",\"valueRequired\":true,\"valueName\":\"search_term_string\"}}],\"inLanguage\":\"fr-FR\"},{\"@type\":\"Organization\",\"@id\":\"https:\\\/\\\/parcetjardin.fr\\\/#organization\",\"name\":\"Parcs et jardins\",\"url\":\"https:\\\/\\\/parcetjardin.fr\\\/\",\"logo\":{\"@type\":\"ImageObject\",\"inLanguage\":\"fr-FR\",\"@id\":\"https:\\\/\\\/parcetjardin.fr\\\/#\\\/schema\\\/logo\\\/image\\\/\",\"url\":\"https:\\\/\\\/parcetjardin.fr\\\/wp-content\\\/uploads\\\/2023\\\/07\\\/Fichier-1@600x-scaled.webp\",\"contentUrl\":\"https:\\\/\\\/parcetjardin.fr\\\/wp-content\\\/uploads\\\/2023\\\/07\\\/Fichier-1@600x-scaled.webp\",\"width\":2560,\"height\":726,\"caption\":\"Parcs et jardins\"},\"image\":{\"@id\":\"https:\\\/\\\/parcetjardin.fr\\\/#\\\/schema\\\/logo\\\/image\\\/\"}}]}<\/script>\n<!-- \/ Yoast SEO Premium plugin. -->","yoast_head_json":{"title":"Mentions l\u00e9gales | Parc et Jardin Montauroux","description":"Consultez les mentions l\u00e9gales de Parc et Jardin \u00e0 Montauroux. Informations l\u00e9gales et r\u00e9glementaires sur notre site et nos services.","robots":{"index":"index","follow":"follow","max-snippet":"max-snippet:-1","max-image-preview":"max-image-preview:large","max-video-preview":"max-video-preview:-1"},"canonical":"https:\/\/parcetjardin.fr\/index.php\/mentions-legales\/","og_locale":"fr_FR","og_type":"article","og_title":"Mentions l\u00e9gales","og_description":"Consultez les mentions l\u00e9gales de Parc et Jardin \u00e0 Montauroux. Informations l\u00e9gales et r\u00e9glementaires sur notre site et nos services.","og_url":"https:\/\/parcetjardin.fr\/index.php\/mentions-legales\/","og_site_name":"Parcs et jardins","article_modified_time":"2024-08-05T20:25:56+00:00","og_image":[{"width":2560,"height":726,"url":"https:\/\/parcetjardin.fr\/wp-content\/uploads\/2023\/07\/Fichier-1@600x-scaled.webp","type":"image\/webp"}],"twitter_card":"summary_large_image","twitter_misc":{"Dur\u00e9e de lecture estim\u00e9e":"2 minutes"},"schema":{"@context":"https:\/\/schema.org","@graph":[{"@type":"WebPage","@id":"https:\/\/parcetjardin.fr\/index.php\/mentions-legales\/","url":"https:\/\/parcetjardin.fr\/index.php\/mentions-legales\/","name":"Mentions l\u00e9gales | Parc et Jardin Montauroux","isPartOf":{"@id":"https:\/\/parcetjardin.fr\/#website"},"datePublished":"2024-08-05T20:15:51+00:00","dateModified":"2024-08-05T20:25:56+00:00","description":"Consultez les mentions l\u00e9gales de Parc et Jardin \u00e0 Montauroux. Informations l\u00e9gales et r\u00e9glementaires sur notre site et nos services.","breadcrumb":{"@id":"https:\/\/parcetjardin.fr\/index.php\/mentions-legales\/#breadcrumb"},"inLanguage":"fr-FR","potentialAction":[{"@type":"ReadAction","target":["https:\/\/parcetjardin.fr\/index.php\/mentions-legales\/"]}]},{"@type":"BreadcrumbList","@id":"https:\/\/parcetjardin.fr\/index.php\/mentions-legales\/#breadcrumb","itemListElement":[{"@type":"ListItem","position":1,"name":"Accueil","item":"https:\/\/parcetjardin.fr\/"},{"@type":"ListItem","position":2,"name":"Mentions l\u00e9gales"}]},{"@type":"WebSite","@id":"https:\/\/parcetjardin.fr\/#website","url":"https:\/\/parcetjardin.fr\/","name":"Parcs et jardins","description":"Paysagiste \u00e0 Montauroux depuis 2005","publisher":{"@id":"https:\/\/parcetjardin.fr\/#organization"},"potentialAction":[{"@type":"SearchAction","target":{"@type":"EntryPoint","urlTemplate":"https:\/\/parcetjardin.fr\/?s={search_term_string}"},"query-input":{"@type":"PropertyValueSpecification","valueRequired":true,"valueName":"search_term_string"}}],"inLanguage":"fr-FR"},{"@type":"Organization","@id":"https:\/\/parcetjardin.fr\/#organization","name":"Parcs et jardins","url":"https:\/\/parcetjardin.fr\/","logo":{"@type":"ImageObject","inLanguage":"fr-FR","@id":"https:\/\/parcetjardin.fr\/#\/schema\/logo\/image\/","url":"https:\/\/parcetjardin.fr\/wp-content\/uploads\/2023\/07\/Fichier-1@600x-scaled.webp","contentUrl":"https:\/\/parcetjardin.fr\/wp-content\/uploads\/2023\/07\/Fichier-1@600x-scaled.webp","width":2560,"height":726,"caption":"Parcs et jardins"},"image":{"@id":"https:\/\/parcetjardin.fr\/#\/schema\/logo\/image\/"}}]}},"_links":{"self":[{"href":"https:\/\/parcetjardin.fr\/index.php\/wp-json\/wp\/v2\/pages\/8650","targetHints":{"allow":["GET"]}}],"collection":[{"href":"https:\/\/parcetjardin.fr\/index.php\/wp-json\/wp\/v2\/pages"}],"about":[{"href":"https:\/\/parcetjardin.fr\/index.php\/wp-json\/wp\/v2\/types\/page"}],"author":[{"embeddable":true,"href":"https:\/\/parcetjardin.fr\/index.php\/wp-json\/wp\/v2\/users\/1"}],"replies":[{"embeddable":true,"href":"https:\/\/parcetjardin.fr\/index.php\/wp-json\/wp\/v2\/comments?post=8650"}],"version-history":[{"count":0,"href":"https:\/\/parcetjardin.fr\/index.php\/wp-json\/wp\/v2\/pages\/8650\/revisions"}],"wp:attachment":[{"href":"https:\/\/parcetjardin.fr\/index.php\/wp-json\/wp\/v2\/media?parent=8650"}],"curies":[{"name":"wp","href":"https:\/\/api.w.org\/{rel}","templated":true}]}}